{"id":4832,"date":"2023-11-27T16:03:48","date_gmt":"2023-11-27T19:03:48","guid":{"rendered":"https:\/\/quasarhomecenter.com\/?post_type=product&#038;p=4832"},"modified":"2023-11-27T16:05:30","modified_gmt":"2023-11-27T19:05:30","slug":"sillon-flex-anna-full","status":"publish","type":"product","link":"https:\/\/quasarhomecenter.com\/index.php\/product\/sillon-flex-anna-full\/","title":{"rendered":"Sill\u00f3n Flex Anna Full"},"content":{"rendered":"\n<p>Sill\u00f3n con posapi\u00e9<br>C\u00f3digo 3169-3168<\/p>\n","protected":false},"excerpt":{"rendered":"<p>Sill\u00f3n con posapi\u00e9<br \/>C\u00f3digo 3169-3168<\/p>\n","protected":false},"featured_media":4833,"comment_status":"open","ping_status":"closed","template":"","meta":{"om_disable_all_campaigns":false,"_uag_custom_page_level_css":"","_monsterinsights_skip_tracking":false,"_monsterinsights_sitenote_active":false,"_monsterinsights_sitenote_note":"","_monsterinsights_sitenote_category":0},"product_cat":[30],"product_tag":[],"class_list":{"0":"post-4832","1":"product","2":"type-product","3":"status-publish","4":"has-post-thumbnail","6":"product_cat-muebleria","8":"first","9":"instock","10":"shipping-taxable","11":"purchasable","12":"product-type-simple"},"aioseo_notices":[],"jetpack_sharing_enabled":true,"uagb_featured_image_src":{"full":["https:\/\/quasarhomecenter.com\/wp-content\/uploads\/2023\/11\/image-removebg-preview-39-5.png",244,326,false],"thumbnail":["https:\/\/quasarhomecenter.com\/wp-content\/uploads\/2023\/11\/image-removebg-preview-39-5-150x150.png",150,150,true],"medium":["https:\/\/quasarhomecenter.com\/wp-content\/uploads\/2023\/11\/image-removebg-preview-39-5-225x300.png",225,300,true],"medium_large":["https:\/\/quasarhomecenter.com\/wp-content\/uploads\/2023\/11\/image-removebg-preview-39-5.png",244,326,false],"large":["https:\/\/quasarhomecenter.com\/wp-content\/uploads\/2023\/11\/image-removebg-preview-39-5.png",244,326,false],"1536x1536":["https:\/\/quasarhomecenter.com\/wp-content\/uploads\/2023\/11\/image-removebg-preview-39-5.png",244,326,false],"2048x2048":["https:\/\/quasarhomecenter.com\/wp-content\/uploads\/2023\/11\/image-removebg-preview-39-5.png",244,326,false],"mailpoet_newsletter_max":["https:\/\/quasarhomecenter.com\/wp-content\/uploads\/2023\/11\/image-removebg-preview-39-5.png",244,326,false],"woocommerce_thumbnail":["https:\/\/quasarhomecenter.com\/wp-content\/uploads\/2023\/11\/image-removebg-preview-39-5-244x300.png",244,300,true],"woocommerce_single":["https:\/\/quasarhomecenter.com\/wp-content\/uploads\/2023\/11\/image-removebg-preview-39-5.png",244,326,false],"woocommerce_gallery_thumbnail":["https:\/\/quasarhomecenter.com\/wp-content\/uploads\/2023\/11\/image-removebg-preview-39-5-100x100.png",100,100,true]},"uagb_author_info":{"display_name":"quasarhomecenter.com","author_link":"https:\/\/quasarhomecenter.com\/index.php\/author\/"},"uagb_comment_info":0,"uagb_excerpt":"Sill\u00f3n con posapi\u00e9C\u00f3digo 3169-3168","_links":{"self":[{"href":"https:\/\/quasarhomecenter.com\/index.php\/wp-json\/wp\/v2\/product\/4832","targetHints":{"allow":["GET"]}}],"collection":[{"href":"https:\/\/quasarhomecenter.com\/index.php\/wp-json\/wp\/v2\/product"}],"about":[{"href":"https:\/\/quasarhomecenter.com\/index.php\/wp-json\/wp\/v2\/types\/product"}],"replies":[{"embeddable":true,"href":"https:\/\/quasarhomecenter.com\/index.php\/wp-json\/wp\/v2\/comments?post=4832"}],"wp:featuredmedia":[{"embeddable":true,"href":"https:\/\/quasarhomecenter.com\/index.php\/wp-json\/wp\/v2\/media\/4833"}],"wp:attachment":[{"href":"https:\/\/quasarhomecenter.com\/index.php\/wp-json\/wp\/v2\/media?parent=4832"}],"wp:term":[{"taxonomy":"product_cat","embeddable":true,"href":"https:\/\/quasarhomecenter.com\/index.php\/wp-json\/wp\/v2\/product_cat?post=4832"},{"taxonomy":"product_tag","embeddable":true,"href":"https:\/\/quasarhomecenter.com\/index.php\/wp-json\/wp\/v2\/product_tag?post=4832"}],"curies":[{"name":"wp","href":"https:\/\/api.w.org\/{rel}","templated":true}]}}