{"id":5028,"date":"2023-11-28T16:36:57","date_gmt":"2023-11-28T19:36:57","guid":{"rendered":"https:\/\/quasarhomecenter.com\/?post_type=product&#038;p=5028"},"modified":"2023-11-28T16:41:26","modified_gmt":"2023-11-28T19:41:26","slug":"cocina-nova","status":"publish","type":"product","link":"https:\/\/quasarhomecenter.com\/index.php\/product\/cocina-nova\/","title":{"rendered":"Cocina Nova"},"content":{"rendered":"\n<p>6 Puertas, 1 Caj\u00f3n con rieles met\u00e1licos<br>Altura 190cm<br>Largo 192cm<br>Profundidad 53cm<br>C\u00f3digo 11598<br>Ref 13539<br>COCINA<br>El bajo mesada no incluye pileta<\/p>\n","protected":false},"excerpt":{"rendered":"<p>6 Puertas, 1 Caj\u00f3n con rieles met\u00e1licos<br \/>Altura 190cm<br \/>Largo 192cm<br \/>Profundidad 53cm<br \/>C\u00f3digo 11598<br \/>Ref 13539<br \/>COCINA<br \/>El bajo mesada no incluye pileta<\/p>\n","protected":false},"featured_media":5029,"comment_status":"open","ping_status":"closed","template":"","meta":{"om_disable_all_campaigns":false,"_uag_custom_page_level_css":"","_monsterinsights_skip_tracking":false,"_monsterinsights_sitenote_active":false,"_monsterinsights_sitenote_note":"","_monsterinsights_sitenote_category":0},"product_cat":[30],"product_tag":[127],"class_list":{"0":"post-5028","1":"product","2":"type-product","3":"status-publish","4":"has-post-thumbnail","6":"product_cat-muebleria","7":"product_tag-cocina","9":"first","10":"instock","11":"shipping-taxable","12":"purchasable","13":"product-type-simple"},"aioseo_notices":[],"jetpack_sharing_enabled":true,"uagb_featured_image_src":{"full":["https:\/\/quasarhomecenter.com\/wp-content\/uploads\/2023\/11\/image-removebg-preview-2023-11-28T164039.795.png",439,568,false],"thumbnail":["https:\/\/quasarhomecenter.com\/wp-content\/uploads\/2023\/11\/image-removebg-preview-2023-11-28T164039.795-150x150.png",150,150,true],"medium":["https:\/\/quasarhomecenter.com\/wp-content\/uploads\/2023\/11\/image-removebg-preview-2023-11-28T164039.795-232x300.png",232,300,true],"medium_large":["https:\/\/quasarhomecenter.com\/wp-content\/uploads\/2023\/11\/image-removebg-preview-2023-11-28T164039.795.png",439,568,false],"large":["https:\/\/quasarhomecenter.com\/wp-content\/uploads\/2023\/11\/image-removebg-preview-2023-11-28T164039.795.png",439,568,false],"1536x1536":["https:\/\/quasarhomecenter.com\/wp-content\/uploads\/2023\/11\/image-removebg-preview-2023-11-28T164039.795.png",439,568,false],"2048x2048":["https:\/\/quasarhomecenter.com\/wp-content\/uploads\/2023\/11\/image-removebg-preview-2023-11-28T164039.795.png",439,568,false],"mailpoet_newsletter_max":["https:\/\/quasarhomecenter.com\/wp-content\/uploads\/2023\/11\/image-removebg-preview-2023-11-28T164039.795.png",439,568,false],"woocommerce_thumbnail":["https:\/\/quasarhomecenter.com\/wp-content\/uploads\/2023\/11\/image-removebg-preview-2023-11-28T164039.795-300x300.png",300,300,true],"woocommerce_single":["https:\/\/quasarhomecenter.com\/wp-content\/uploads\/2023\/11\/image-removebg-preview-2023-11-28T164039.795.png",439,568,false],"woocommerce_gallery_thumbnail":["https:\/\/quasarhomecenter.com\/wp-content\/uploads\/2023\/11\/image-removebg-preview-2023-11-28T164039.795-100x100.png",100,100,true]},"uagb_author_info":{"display_name":"quasarhomecenter.com","author_link":"https:\/\/quasarhomecenter.com\/index.php\/author\/"},"uagb_comment_info":0,"uagb_excerpt":"6 Puertas, 1 Caj\u00f3n con rieles met\u00e1licosAltura 190cmLargo 192cmProfundidad 53cmC\u00f3digo 11598Ref 13539COCINAEl bajo mesada no incluye pileta","_links":{"self":[{"href":"https:\/\/quasarhomecenter.com\/index.php\/wp-json\/wp\/v2\/product\/5028","targetHints":{"allow":["GET"]}}],"collection":[{"href":"https:\/\/quasarhomecenter.com\/index.php\/wp-json\/wp\/v2\/product"}],"about":[{"href":"https:\/\/quasarhomecenter.com\/index.php\/wp-json\/wp\/v2\/types\/product"}],"replies":[{"embeddable":true,"href":"https:\/\/quasarhomecenter.com\/index.php\/wp-json\/wp\/v2\/comments?post=5028"}],"wp:featuredmedia":[{"embeddable":true,"href":"https:\/\/quasarhomecenter.com\/index.php\/wp-json\/wp\/v2\/media\/5029"}],"wp:attachment":[{"href":"https:\/\/quasarhomecenter.com\/index.php\/wp-json\/wp\/v2\/media?parent=5028"}],"wp:term":[{"taxonomy":"product_cat","embeddable":true,"href":"https:\/\/quasarhomecenter.com\/index.php\/wp-json\/wp\/v2\/product_cat?post=5028"},{"taxonomy":"product_tag","embeddable":true,"href":"https:\/\/quasarhomecenter.com\/index.php\/wp-json\/wp\/v2\/product_tag?post=5028"}],"curies":[{"name":"wp","href":"https:\/\/api.w.org\/{rel}","templated":true}]}}