{"id":5159,"date":"2024-03-03T10:48:42","date_gmt":"2024-03-03T13:48:42","guid":{"rendered":"https:\/\/quasarhomecenter.com\/?post_type=product&#038;p=5159"},"modified":"2024-03-03T10:54:04","modified_gmt":"2024-03-03T13:54:04","slug":"bomba-sumergible-para-agua-y-aceite-12v","status":"publish","type":"product","link":"https:\/\/quasarhomecenter.com\/index.php\/product\/bomba-sumergible-para-agua-y-aceite-12v\/","title":{"rendered":"Bomba Sumergible Para Agua Y Aceite 12v"},"content":{"rendered":"<p>1.Bomba de di\u00e9sel operada por un motor DC12v \/ 24v, dispositivo completamente sellado<\/p>\n<p>2.El motor est\u00e1 aislado de la carcasa.<\/p>\n<p>3.Cuando funciona, primero debe colocar la bomba de agua (diesel) limpia en el centro del cuchar\u00f3n diesel, no permite la carga vac\u00eda<\/p>\n<p>4. Preste atenci\u00f3n a la capacidad de carga del cuchar\u00f3n cuando la bomba est\u00e1 funcionando, no exceda la l\u00ednea de capacidad de carga<\/p>\n<p>5.La bomba tiene estrictamente prohibido bombear gasolina, alcohol y otros l\u00edquidos inflamables.<\/p>\n<p>6. La bomba de humo, principalmente diesel (agua), caudal: 30 l \/ min ( Tipo 51 mm ) y 12L \/ Min ( Tipo 38 mm ) .<\/p>\n<p>7. La manguera de salida de aceite es independiente<\/p>\n<p>&gt;&gt; Tipo-12V<\/p>\n<p>* Voltaje: DC 12V<\/p>\n<p>* Velocidad de carreras de motor: 8500r \/ min.<\/p>\n<p>* Corriente de carreras de motor: 0.3A<\/p>\n<p>* Corriente de funcionamiento de la bomba m\u00e1s grande: 6.4 A<\/p>\n<p>* Flujo: 30L \/ min.<\/p>\n<p>* Longitud del cable: 3 m<\/p>\n<p>* Di\u00e1metro exterior: 51 mm y 38 mm<\/p>\n","protected":false},"excerpt":{"rendered":"<p>\u00a1Haz frente a las situaciones de drenaje con nuestra Bomba Sumergible para Agua y Aceite de 12V! Esta vers\u00e1til bomba es tu soluci\u00f3n confiable para la extracci\u00f3n de agua y aceite en una variedad de aplicaciones.<br \/>Con su dise\u00f1o sumergible, esta bomba puede alcanzar incluso las \u00e1reas m\u00e1s dif\u00edciles de alcanzar, asegurando una extracci\u00f3n completa y eficiente. Ya sea que necesites drenar agua de piscinas, bodegas inundadas o cambiar el aceite de tu veh\u00edculo, esta bomba lo hace r\u00e1pido y f\u00e1cil.<br \/>Su potente motor de 12V garantiza un rendimiento constante y confiable, mientras que su construcci\u00f3n resistente asegura durabilidad incluso en condiciones exigentes. Adem\u00e1s, su tama\u00f1o compacto y peso ligero la hacen f\u00e1cil de transportar y almacenar.<br \/>Con nuestra Bomba Sumergible para Agua y Aceite de 12V, enfrenta cualquier desaf\u00edo de drenaje con facilidad y eficiencia, \u00a1y mant\u00e9n tus proyectos en marcha sin problemas!<\/p>\n","protected":false},"featured_media":5160,"comment_status":"open","ping_status":"closed","template":"","meta":{"om_disable_all_campaigns":false,"_uag_custom_page_level_css":"","_monsterinsights_skip_tracking":false,"_monsterinsights_sitenote_active":false,"_monsterinsights_sitenote_note":"","_monsterinsights_sitenote_category":0},"product_cat":[39],"product_tag":[253],"class_list":{"0":"post-5159","1":"product","2":"type-product","3":"status-publish","4":"has-post-thumbnail","6":"product_cat-plomeria","7":"product_tag-bombas","9":"first","10":"instock","11":"shipping-taxable","12":"purchasable","13":"product-type-simple"},"aioseo_notices":[],"jetpack_sharing_enabled":true,"uagb_featured_image_src":{"full":["https:\/\/quasarhomecenter.com\/wp-content\/uploads\/2024\/03\/23399-Banco-de-datos.png",2295,2295,false],"thumbnail":["https:\/\/quasarhomecenter.com\/wp-content\/uploads\/2024\/03\/23399-Banco-de-datos-150x150.png",150,150,true],"medium":["https:\/\/quasarhomecenter.com\/wp-content\/uploads\/2024\/03\/23399-Banco-de-datos-300x300.png",300,300,true],"medium_large":["https:\/\/quasarhomecenter.com\/wp-content\/uploads\/2024\/03\/23399-Banco-de-datos-768x768.png",768,768,true],"large":["https:\/\/quasarhomecenter.com\/wp-content\/uploads\/2024\/03\/23399-Banco-de-datos-1024x1024.png",1024,1024,true],"1536x1536":["https:\/\/quasarhomecenter.com\/wp-content\/uploads\/2024\/03\/23399-Banco-de-datos-1536x1536.png",1536,1536,true],"2048x2048":["https:\/\/quasarhomecenter.com\/wp-content\/uploads\/2024\/03\/23399-Banco-de-datos-2048x2048.png",2048,2048,true],"mailpoet_newsletter_max":["https:\/\/quasarhomecenter.com\/wp-content\/uploads\/2024\/03\/23399-Banco-de-datos-1320x1320.png",1320,1320,true],"woocommerce_thumbnail":["https:\/\/quasarhomecenter.com\/wp-content\/uploads\/2024\/03\/23399-Banco-de-datos-300x300.png",300,300,true],"woocommerce_single":["https:\/\/quasarhomecenter.com\/wp-content\/uploads\/2024\/03\/23399-Banco-de-datos-600x600.png",600,600,true],"woocommerce_gallery_thumbnail":["https:\/\/quasarhomecenter.com\/wp-content\/uploads\/2024\/03\/23399-Banco-de-datos-100x100.png",100,100,true]},"uagb_author_info":{"display_name":"quasarhomecenter.com","author_link":"https:\/\/quasarhomecenter.com\/index.php\/author\/"},"uagb_comment_info":0,"uagb_excerpt":"\u00a1Haz frente a las situaciones de drenaje con nuestra Bomba Sumergible para Agua y Aceite de 12V! Esta vers\u00e1til bomba es tu soluci\u00f3n confiable para la extracci\u00f3n de agua y aceite en una variedad de aplicaciones.Con su dise\u00f1o sumergible, esta bomba puede alcanzar incluso las \u00e1reas m\u00e1s dif\u00edciles de alcanzar, asegurando una extracci\u00f3n completa y&hellip;","_links":{"self":[{"href":"https:\/\/quasarhomecenter.com\/index.php\/wp-json\/wp\/v2\/product\/5159","targetHints":{"allow":["GET"]}}],"collection":[{"href":"https:\/\/quasarhomecenter.com\/index.php\/wp-json\/wp\/v2\/product"}],"about":[{"href":"https:\/\/quasarhomecenter.com\/index.php\/wp-json\/wp\/v2\/types\/product"}],"replies":[{"embeddable":true,"href":"https:\/\/quasarhomecenter.com\/index.php\/wp-json\/wp\/v2\/comments?post=5159"}],"wp:featuredmedia":[{"embeddable":true,"href":"https:\/\/quasarhomecenter.com\/index.php\/wp-json\/wp\/v2\/media\/5160"}],"wp:attachment":[{"href":"https:\/\/quasarhomecenter.com\/index.php\/wp-json\/wp\/v2\/media?parent=5159"}],"wp:term":[{"taxonomy":"product_cat","embeddable":true,"href":"https:\/\/quasarhomecenter.com\/index.php\/wp-json\/wp\/v2\/product_cat?post=5159"},{"taxonomy":"product_tag","embeddable":true,"href":"https:\/\/quasarhomecenter.com\/index.php\/wp-json\/wp\/v2\/product_tag?post=5159"}],"curies":[{"name":"wp","href":"https:\/\/api.w.org\/{rel}","templated":true}]}}