{"id":5161,"date":"2024-03-03T10:55:21","date_gmt":"2024-03-03T13:55:21","guid":{"rendered":"https:\/\/quasarhomecenter.com\/?post_type=product&#038;p=5161"},"modified":"2024-03-03T11:00:53","modified_gmt":"2024-03-03T14:00:53","slug":"cargador-de-bateria-digital-inteligente-para-carro-y-moto","status":"publish","type":"product","link":"https:\/\/quasarhomecenter.com\/index.php\/product\/cargador-de-bateria-digital-inteligente-para-carro-y-moto\/","title":{"rendered":"Cargador De Bater\u00eda Digital Inteligente Para Carro Y Moto"},"content":{"rendered":"<p>********************************************<br \/>ESPECIFICACIONES:<br \/>*********************************************<br \/>Material: carcasa de pl\u00e1stico<br \/>Tama\u00f1o:(L \u00d7 W \u00d7 H): 150 \u00d7 85 \u00d7 62mm<br \/>Voltaje: 12V<br \/>Tipos de bater\u00edas: La mayor\u00eda de los tipos de bater\u00edas de plomo \u00e1cido, incluyendo calcio, y AGM GEL, h\u00famedo, EFB, etc.<br \/>Detecci\u00f3n de voltaje: S\u00ed<br \/>Tecnolog\u00eda Switchmode: S\u00ed<br \/>Protecci\u00f3n de polaridad: S\u00ed<br \/>Protecci\u00f3n corta de salida: S\u00ed<br \/>Protecci\u00f3n sin enlace de bater\u00eda: S\u00ed<br \/>Protecci\u00f3n contra sobretensi\u00f3n: S\u00ed<br \/>Protecci\u00f3n contra sobretemperatura: S\u00ed<br \/>Refrigeraci\u00f3n: ventilador<br \/>Voltaje de entrada: CA 110-220V, 50-60Hz<br \/>Voltaje m\u00ednimo de arranque: 8,0 V<br \/>Rango de bater\u00eda: 4-100Ah<br \/>Protecci\u00f3n t\u00e9rmica: 65&#8217;C +\/-5&#8217;C<br \/>Eficiencia: App. 85%.<br \/>Cumple con los est\u00e1ndares: CE,FCC,ROHS,CMA<br \/>***********************************<br \/>CARACTER\u00cdSTICAS<br \/>******************************<br \/>-Controlado por microprocesador<br \/>-Modo de interruptor autom\u00e1tico profesional<br \/>-Para cargar bater\u00edas AGM,GEL,SLA y h\u00famedas<br \/>-Pantalla LCD y carga de reparaci\u00f3n de pulso<br \/>-Protecci\u00f3n contra sobrecalentamiento, sobrecarga, cortocircuito y polaridad inversa<br \/>-Maximiza la duraci\u00f3n de la bater\u00eda<\/p>\n","protected":false},"excerpt":{"rendered":"<p>********************************************<br \/>ESPECIFICACIONES:<br \/>*********************************************<br \/>Material: carcasa de pl\u00e1stico<br \/>Tama\u00f1o:(L \u00d7 W \u00d7 H): 150 \u00d7 85 \u00d7 62mm<br \/>Voltaje: 12V<br \/>Tipos de bater\u00edas: La mayor\u00eda de los tipos de bater\u00edas de plomo \u00e1cido, incluyendo calcio, y AGM GEL, h\u00famedo, EFB, etc.<br \/>Detecci\u00f3n de voltaje: S\u00ed<br \/>Tecnolog\u00eda Switchmode: S\u00ed<br \/>Protecci\u00f3n de polaridad: S\u00ed<br \/>Protecci\u00f3n corta de salida: S\u00ed<br \/>Protecci\u00f3n sin enlace de bater\u00eda: S\u00ed<br \/>Protecci\u00f3n contra sobretensi\u00f3n: S\u00ed<br \/>Protecci\u00f3n contra sobretemperatura: S\u00ed<br \/>Refrigeraci\u00f3n: ventilador<br \/>Voltaje de entrada: CA 110-220V, 50-60Hz<br \/>Voltaje m\u00ednimo de arranque: 8,0 V<br \/>Rango de bater\u00eda: 4-100Ah<br \/>Protecci\u00f3n t\u00e9rmica: 65&#8217;C +\/-5&#8217;C<br \/>Eficiencia: App. 85%.<br \/>Cumple con los est\u00e1ndares: CE,FCC,ROHS,CMA<br \/>***********************************<br \/>CARACTER\u00cdSTICAS<br \/>******************************<br \/>-Controlado por microprocesador<br \/>-Modo de interruptor autom\u00e1tico profesional<br \/>-Para cargar bater\u00edas AGM,GEL,SLA y h\u00famedas<br \/>-Pantalla LCD y carga de reparaci\u00f3n de pulso<br \/>-Protecci\u00f3n contra sobrecalentamiento, sobrecarga, cortocircuito y polaridad inversa<br \/>-Maximiza la duraci\u00f3n de la bater\u00eda<\/p>\n","protected":false},"featured_media":5162,"comment_status":"open","ping_status":"closed","template":"","meta":{"om_disable_all_campaigns":false,"_uag_custom_page_level_css":"","_monsterinsights_skip_tracking":false,"_monsterinsights_sitenote_active":false,"_monsterinsights_sitenote_note":"","_monsterinsights_sitenote_category":0},"product_cat":[158],"product_tag":[252],"class_list":{"0":"post-5161","1":"product","2":"type-product","3":"status-publish","4":"has-post-thumbnail","6":"product_cat-mecanico","7":"product_tag-herramientas-mecanico","9":"first","10":"instock","11":"shipping-taxable","12":"purchasable","13":"product-type-simple"},"aioseo_notices":[],"jetpack_sharing_enabled":true,"uagb_featured_image_src":{"full":["https:\/\/quasarhomecenter.com\/wp-content\/uploads\/2024\/03\/23401-Banco-de-datos.png",2430,2430,false],"thumbnail":["https:\/\/quasarhomecenter.com\/wp-content\/uploads\/2024\/03\/23401-Banco-de-datos-150x150.png",150,150,true],"medium":["https:\/\/quasarhomecenter.com\/wp-content\/uploads\/2024\/03\/23401-Banco-de-datos-300x300.png",300,300,true],"medium_large":["https:\/\/quasarhomecenter.com\/wp-content\/uploads\/2024\/03\/23401-Banco-de-datos-768x768.png",768,768,true],"large":["https:\/\/quasarhomecenter.com\/wp-content\/uploads\/2024\/03\/23401-Banco-de-datos-1024x1024.png",1024,1024,true],"1536x1536":["https:\/\/quasarhomecenter.com\/wp-content\/uploads\/2024\/03\/23401-Banco-de-datos-1536x1536.png",1536,1536,true],"2048x2048":["https:\/\/quasarhomecenter.com\/wp-content\/uploads\/2024\/03\/23401-Banco-de-datos-2048x2048.png",2048,2048,true],"mailpoet_newsletter_max":["https:\/\/quasarhomecenter.com\/wp-content\/uploads\/2024\/03\/23401-Banco-de-datos-1320x1320.png",1320,1320,true],"woocommerce_thumbnail":["https:\/\/quasarhomecenter.com\/wp-content\/uploads\/2024\/03\/23401-Banco-de-datos-300x300.png",300,300,true],"woocommerce_single":["https:\/\/quasarhomecenter.com\/wp-content\/uploads\/2024\/03\/23401-Banco-de-datos-600x600.png",600,600,true],"woocommerce_gallery_thumbnail":["https:\/\/quasarhomecenter.com\/wp-content\/uploads\/2024\/03\/23401-Banco-de-datos-100x100.png",100,100,true]},"uagb_author_info":{"display_name":"quasarhomecenter.com","author_link":"https:\/\/quasarhomecenter.com\/index.php\/author\/"},"uagb_comment_info":0,"uagb_excerpt":"********************************************ESPECIFICACIONES:*********************************************Material: carcasa de pl\u00e1sticoTama\u00f1o:(L \u00d7 W \u00d7 H): 150 \u00d7 85 \u00d7 62mmVoltaje: 12VTipos de bater\u00edas: La mayor\u00eda de los tipos de bater\u00edas de plomo \u00e1cido, incluyendo calcio, y AGM GEL, h\u00famedo, EFB, etc.Detecci\u00f3n de voltaje: S\u00edTecnolog\u00eda Switchmode: S\u00edProtecci\u00f3n de polaridad: S\u00edProtecci\u00f3n corta de salida: S\u00edProtecci\u00f3n sin enlace de bater\u00eda: S\u00edProtecci\u00f3n contra sobretensi\u00f3n: S\u00edProtecci\u00f3n contra&hellip;","_links":{"self":[{"href":"https:\/\/quasarhomecenter.com\/index.php\/wp-json\/wp\/v2\/product\/5161","targetHints":{"allow":["GET"]}}],"collection":[{"href":"https:\/\/quasarhomecenter.com\/index.php\/wp-json\/wp\/v2\/product"}],"about":[{"href":"https:\/\/quasarhomecenter.com\/index.php\/wp-json\/wp\/v2\/types\/product"}],"replies":[{"embeddable":true,"href":"https:\/\/quasarhomecenter.com\/index.php\/wp-json\/wp\/v2\/comments?post=5161"}],"wp:featuredmedia":[{"embeddable":true,"href":"https:\/\/quasarhomecenter.com\/index.php\/wp-json\/wp\/v2\/media\/5162"}],"wp:attachment":[{"href":"https:\/\/quasarhomecenter.com\/index.php\/wp-json\/wp\/v2\/media?parent=5161"}],"wp:term":[{"taxonomy":"product_cat","embeddable":true,"href":"https:\/\/quasarhomecenter.com\/index.php\/wp-json\/wp\/v2\/product_cat?post=5161"},{"taxonomy":"product_tag","embeddable":true,"href":"https:\/\/quasarhomecenter.com\/index.php\/wp-json\/wp\/v2\/product_tag?post=5161"}],"curies":[{"name":"wp","href":"https:\/\/api.w.org\/{rel}","templated":true}]}}