{"id":5167,"date":"2024-03-03T11:09:28","date_gmt":"2024-03-03T14:09:28","guid":{"rendered":"https:\/\/quasarhomecenter.com\/?post_type=product&#038;p=5167"},"modified":"2024-03-03T11:12:12","modified_gmt":"2024-03-03T14:12:12","slug":"bomba-de-aire-inflable-y-llenado-de-neumaticos-para-bicicleta-motocicleta-y-coche-3","status":"publish","type":"product","link":"https:\/\/quasarhomecenter.com\/index.php\/product\/bomba-de-aire-inflable-y-llenado-de-neumaticos-para-bicicleta-motocicleta-y-coche-3\/","title":{"rendered":"Bomba de aire inflable y llenado de neum\u00e1ticos para bicicleta, motocicleta y coche"},"content":{"rendered":"<p>Bomba de aire manual vertical<\/p>\n<p>Esta es la bomba perfecta para llevarla contigo con el botiqu\u00edn de primeros auxilios de la bicicleta, o incluso para tenerla en casa. Adem\u00e1s de ser muy pr\u00e1ctica y f\u00e1cil de manejar, te permite llenar varios tipos de neum\u00e1ticos y se puede usar en bicicletas, motocicletas, autom\u00f3viles, scooters e incluso en colchones inflables y piscinas inflables.<\/p>\n<p>VENTAJAS:<br \/>F\u00e1cil de usar;<br \/>llena varios tipos de neum\u00e1ticos;<br \/>Agilidad en la calibraci\u00f3n;<br \/>Ligero y pr\u00e1ctico de transportar.<\/p>\n<p>CONTENIDO DEL PAQUETE:<br \/>1 &#8211; Bomba de aire manual.<\/p>\n","protected":false},"excerpt":{"rendered":"<p>Bomba de aire manual vertical<\/p>\n<p>Esta es la bomba perfecta para llevarla contigo con el botiqu\u00edn de primeros auxilios de la bicicleta, o incluso para tenerla en casa. Adem\u00e1s de ser muy pr\u00e1ctica y f\u00e1cil de manejar, te permite llenar varios tipos de neum\u00e1ticos y se puede usar en bicicletas, motocicletas, autom\u00f3viles, scooters e incluso en colchones inflables y piscinas inflables.<\/p>\n<p>VENTAJAS:<br \/>F\u00e1cil de usar;<br \/>llena varios tipos de neum\u00e1ticos;<br \/>Agilidad en la calibraci\u00f3n;<br \/>Ligero y pr\u00e1ctico de transportar.<\/p>\n<p>CONTENIDO DEL PAQUETE:<br \/>1 &#8211; Bomba de aire manual.<\/p>\n","protected":false},"featured_media":5168,"comment_status":"open","ping_status":"closed","template":"","meta":{"om_disable_all_campaigns":false,"_uag_custom_page_level_css":"","_monsterinsights_skip_tracking":false,"_monsterinsights_sitenote_active":false,"_monsterinsights_sitenote_note":"","_monsterinsights_sitenote_category":0},"product_cat":[158],"product_tag":[252],"class_list":{"0":"post-5167","1":"product","2":"type-product","3":"status-publish","4":"has-post-thumbnail","6":"product_cat-mecanico","7":"product_tag-herramientas-mecanico","9":"first","10":"instock","11":"shipping-taxable","12":"purchasable","13":"product-type-simple"},"aioseo_notices":[],"jetpack_sharing_enabled":true,"uagb_featured_image_src":{"full":["https:\/\/quasarhomecenter.com\/wp-content\/uploads\/2024\/03\/23369-Banco-de-datos.png",2565,2565,false],"thumbnail":["https:\/\/quasarhomecenter.com\/wp-content\/uploads\/2024\/03\/23369-Banco-de-datos-150x150.png",150,150,true],"medium":["https:\/\/quasarhomecenter.com\/wp-content\/uploads\/2024\/03\/23369-Banco-de-datos-300x300.png",300,300,true],"medium_large":["https:\/\/quasarhomecenter.com\/wp-content\/uploads\/2024\/03\/23369-Banco-de-datos-768x768.png",768,768,true],"large":["https:\/\/quasarhomecenter.com\/wp-content\/uploads\/2024\/03\/23369-Banco-de-datos-1024x1024.png",1024,1024,true],"1536x1536":["https:\/\/quasarhomecenter.com\/wp-content\/uploads\/2024\/03\/23369-Banco-de-datos-1536x1536.png",1536,1536,true],"2048x2048":["https:\/\/quasarhomecenter.com\/wp-content\/uploads\/2024\/03\/23369-Banco-de-datos-2048x2048.png",2048,2048,true],"mailpoet_newsletter_max":["https:\/\/quasarhomecenter.com\/wp-content\/uploads\/2024\/03\/23369-Banco-de-datos-1320x1320.png",1320,1320,true],"woocommerce_thumbnail":["https:\/\/quasarhomecenter.com\/wp-content\/uploads\/2024\/03\/23369-Banco-de-datos-300x300.png",300,300,true],"woocommerce_single":["https:\/\/quasarhomecenter.com\/wp-content\/uploads\/2024\/03\/23369-Banco-de-datos-600x600.png",600,600,true],"woocommerce_gallery_thumbnail":["https:\/\/quasarhomecenter.com\/wp-content\/uploads\/2024\/03\/23369-Banco-de-datos-100x100.png",100,100,true]},"uagb_author_info":{"display_name":"quasarhomecenter.com","author_link":"https:\/\/quasarhomecenter.com\/index.php\/author\/"},"uagb_comment_info":0,"uagb_excerpt":"Bomba de aire manual verticalEsta es la bomba perfecta para llevarla contigo con el botiqu\u00edn de primeros auxilios de la bicicleta, o incluso para tenerla en casa. Adem\u00e1s de ser muy pr\u00e1ctica y f\u00e1cil de manejar, te permite llenar varios tipos de neum\u00e1ticos y se puede usar en bicicletas, motocicletas, autom\u00f3viles, scooters e incluso en&hellip;","_links":{"self":[{"href":"https:\/\/quasarhomecenter.com\/index.php\/wp-json\/wp\/v2\/product\/5167","targetHints":{"allow":["GET"]}}],"collection":[{"href":"https:\/\/quasarhomecenter.com\/index.php\/wp-json\/wp\/v2\/product"}],"about":[{"href":"https:\/\/quasarhomecenter.com\/index.php\/wp-json\/wp\/v2\/types\/product"}],"replies":[{"embeddable":true,"href":"https:\/\/quasarhomecenter.com\/index.php\/wp-json\/wp\/v2\/comments?post=5167"}],"wp:featuredmedia":[{"embeddable":true,"href":"https:\/\/quasarhomecenter.com\/index.php\/wp-json\/wp\/v2\/media\/5168"}],"wp:attachment":[{"href":"https:\/\/quasarhomecenter.com\/index.php\/wp-json\/wp\/v2\/media?parent=5167"}],"wp:term":[{"taxonomy":"product_cat","embeddable":true,"href":"https:\/\/quasarhomecenter.com\/index.php\/wp-json\/wp\/v2\/product_cat?post=5167"},{"taxonomy":"product_tag","embeddable":true,"href":"https:\/\/quasarhomecenter.com\/index.php\/wp-json\/wp\/v2\/product_tag?post=5167"}],"curies":[{"name":"wp","href":"https:\/\/api.w.org\/{rel}","templated":true}]}}