{"id":5172,"date":"2024-03-03T11:35:02","date_gmt":"2024-03-03T14:35:02","guid":{"rendered":"https:\/\/quasarhomecenter.com\/?post_type=product&#038;p=5172"},"modified":"2024-03-03T11:37:27","modified_gmt":"2024-03-03T14:37:27","slug":"tenaza-profesional","status":"publish","type":"product","link":"https:\/\/quasarhomecenter.com\/index.php\/product\/tenaza-profesional\/","title":{"rendered":"Tenaza Profesional"},"content":{"rendered":"<p>Tenaza Profesional<\/p>\n<p>Alicate de corte, tenaza.<\/p>\n<p>ESPECIFICACIONES<\/p>\n<p>\u2022 Medidas<\/p>\n<p>-2 cm de ancho en el cabezal.<br \/>-25 cm largo.<br \/>-5 cm ancho.<\/p>\n<p>*Dise\u00f1o pr\u00e1ctico: el dise\u00f1o de cabeza delgada permite una buena accesibilidad en \u00e1reas confinadas y no da\u00f1ar\u00e1 los puntos de presi\u00f3n en las abrazaderas de las orejas.<br \/>*Material de alta calidad: el alicate de abrazadera de manguera est\u00e1 hecho de material de acero al carbono de alta calidad, alta dureza, inoxidable, resistente y duradero.<br \/>*Amplia aplicaci\u00f3n: la herramienta de crimpado de pinza se aplica ampliamente a abrazaderas de manguera de oreja \u00fanica, abrazaderas de oreja doble, abrazaderas continuas, etc.<br \/>*Excelente rendimiento: fabricaci\u00f3n profesional, alta precisi\u00f3n, rendimiento estable y alta confiabilidad, tiene un tiempo de servicio prolongado.<br \/>*F\u00e1cil operaci\u00f3n: f\u00e1cil de operar, manijas de PVC suave para un agarre antideslizante y c\u00f3modo, conveniente para usar, ahorre tiempo y energ\u00eda.<\/p>\n<p>\u2022 Origen: China<\/p>\n","protected":false},"excerpt":{"rendered":"<p>Tenaza Profesional<\/p>\n<p>Alicate de corte, tenaza.<\/p>\n<p>ESPECIFICACIONES<\/p>\n<p>\u2022 Medidas<\/p>\n<p>-2 cm de ancho en el cabezal.<br \/>-25 cm largo.<br \/>-5 cm ancho.<\/p>\n<p>*Dise\u00f1o pr\u00e1ctico: el dise\u00f1o de cabeza delgada permite una buena accesibilidad en \u00e1reas confinadas y no da\u00f1ar\u00e1 los puntos de presi\u00f3n en las abrazaderas de las orejas.<br \/>*Material de alta calidad: el alicate de abrazadera de manguera est\u00e1 hecho de material de acero al carbono de alta calidad, alta dureza, inoxidable, resistente y duradero.<br \/>*Amplia aplicaci\u00f3n: la herramienta de crimpado de pinza se aplica ampliamente a abrazaderas de manguera de oreja \u00fanica, abrazaderas de oreja doble, abrazaderas continuas, etc.<br \/>*Excelente rendimiento: fabricaci\u00f3n profesional, alta precisi\u00f3n, rendimiento estable y alta confiabilidad, tiene un tiempo de servicio prolongado.<br \/>*F\u00e1cil operaci\u00f3n: f\u00e1cil de operar, manijas de PVC suave para un agarre antideslizante y c\u00f3modo, conveniente para usar, ahorre tiempo y energ\u00eda.<\/p>\n<p>\u2022 Origen: China<\/p>\n","protected":false},"featured_media":0,"comment_status":"open","ping_status":"closed","template":"","meta":{"om_disable_all_campaigns":false,"_uag_custom_page_level_css":"","_monsterinsights_skip_tracking":false,"_monsterinsights_sitenote_active":false,"_monsterinsights_sitenote_note":"","_monsterinsights_sitenote_category":0},"product_cat":[160],"product_tag":[161],"class_list":{"0":"post-5172","1":"product","2":"type-product","3":"status-publish","5":"product_cat-herramientas-varias","6":"product_tag-herramienta-manual","8":"first","9":"instock","10":"shipping-taxable","11":"purchasable","12":"product-type-simple"},"aioseo_notices":[],"jetpack_sharing_enabled":true,"uagb_featured_image_src":{"full":false,"thumbnail":false,"medium":false,"medium_large":false,"large":false,"1536x1536":false,"2048x2048":false,"mailpoet_newsletter_max":false,"woocommerce_thumbnail":false,"woocommerce_single":false,"woocommerce_gallery_thumbnail":false},"uagb_author_info":{"display_name":"quasarhomecenter.com","author_link":"https:\/\/quasarhomecenter.com\/index.php\/author\/"},"uagb_comment_info":0,"uagb_excerpt":"Tenaza ProfesionalAlicate de corte, tenaza.ESPECIFICACIONES\u2022 Medidas-2 cm de ancho en el cabezal.-25 cm largo.-5 cm ancho.*Dise\u00f1o pr\u00e1ctico: el dise\u00f1o de cabeza delgada permite una buena accesibilidad en \u00e1reas confinadas y no da\u00f1ar\u00e1 los puntos de presi\u00f3n en las abrazaderas de las orejas.*Material de alta calidad: el alicate de abrazadera de manguera est\u00e1 hecho de material&hellip;","_links":{"self":[{"href":"https:\/\/quasarhomecenter.com\/index.php\/wp-json\/wp\/v2\/product\/5172","targetHints":{"allow":["GET"]}}],"collection":[{"href":"https:\/\/quasarhomecenter.com\/index.php\/wp-json\/wp\/v2\/product"}],"about":[{"href":"https:\/\/quasarhomecenter.com\/index.php\/wp-json\/wp\/v2\/types\/product"}],"replies":[{"embeddable":true,"href":"https:\/\/quasarhomecenter.com\/index.php\/wp-json\/wp\/v2\/comments?post=5172"}],"wp:attachment":[{"href":"https:\/\/quasarhomecenter.com\/index.php\/wp-json\/wp\/v2\/media?parent=5172"}],"wp:term":[{"taxonomy":"product_cat","embeddable":true,"href":"https:\/\/quasarhomecenter.com\/index.php\/wp-json\/wp\/v2\/product_cat?post=5172"},{"taxonomy":"product_tag","embeddable":true,"href":"https:\/\/quasarhomecenter.com\/index.php\/wp-json\/wp\/v2\/product_tag?post=5172"}],"curies":[{"name":"wp","href":"https:\/\/api.w.org\/{rel}","templated":true}]}}