{"id":5173,"date":"2024-03-03T11:59:54","date_gmt":"2024-03-03T14:59:54","guid":{"rendered":"https:\/\/quasarhomecenter.com\/?post_type=product&#038;p=5173"},"modified":"2024-03-04T10:22:46","modified_gmt":"2024-03-04T13:22:46","slug":"extractor-de-abolladuras-para-autos-coches","status":"publish","type":"product","link":"https:\/\/quasarhomecenter.com\/index.php\/product\/extractor-de-abolladuras-para-autos-coches\/","title":{"rendered":"Extractor De Abolladuras Para Autos Coches"},"content":{"rendered":"<p>Extractor De Abolladuras Para Autos Coches<br \/>* voltaje de entrada: 220V<br \/>* potencia: 3kW<br \/>* espesor de soldadura: 1,2 \u00b1 0,4 mm<br \/>* max corriente instant\u00e1nea : 6800A<br \/>*corriente de entrada: 16A<br \/>* voltaje sin carga: 6.2V<\/p>\n<p>uso continuo de dos horas (el fabricante indica que es continuo pero por una mejor vida del equipo) con sistema de protecci\u00f3n por sobrecalentamiento<\/p>\n<p>7 funciones<\/p>\n<p>* PRODUCTO NUEVO<br \/>* SELLADOS EN SU CAJA CON SUS MATERIALES<br \/>* USO 220 V<br \/>*Listo para su envi\u00f3<\/p>\n<p>Excelente calidad<br \/>Producto garantizado (60 d\u00edas)<br \/>Kit de extractor de abolladuras para reparaci\u00f3n de carrocer\u00eda de coche para m\u00e1quina de soldadura por puntos<\/p>\n<p>\u2022 Contenido del producto:<br \/>\u2022 1 X Equipo Inversora<br \/>\u2022 1 X Pistola de Soldar<br \/>\u2022 1 X Martillo de tracci\u00f3n multifuncional<br \/>\u2022 2 X varilla de carbono<br \/>\u2022 1 X Caja de Accesorios<\/p>\n<p>voltaje de entrada: 220V<br \/>potencia: 3kW<br \/>espesor de soldadura: 1,2 \u00b1 0,4 mm<br \/>max corriente instant\u00e1nea : 6800A<br \/>corriente de entrada: 16A<br \/>voltaje sin carga: 6.2V<\/p>\n<p>Modo manual y autom\u00e1tico<br \/>Funci\u00f3n an\u00e1loga<br \/>F\u00e1cil de usar<br \/>Un equipo con tecnolog\u00eda y calidad para los profesionales de la reparaci\u00f3n automotriz<\/p>\n","protected":false},"excerpt":{"rendered":"<p>Extractor De Abolladuras Para Autos Coches<br \/>* voltaje de entrada: 220V<br \/>* potencia: 3kW<br \/>* espesor de soldadura: 1,2 \u00b1 0,4 mm<br \/>* max corriente instant\u00e1nea : 6800A<br \/>*corriente de entrada: 16A<br \/>* voltaje sin carga: 6.2V<\/p>\n<p>uso continuo de dos horas (el fabricante indica que es continuo pero por una mejor vida del equipo) con sistema de protecci\u00f3n por sobrecalentamiento<\/p>\n<p>7 funciones<\/p>\n<p>* PRODUCTO NUEVO<br \/>* SELLADOS EN SU CAJA CON SUS MATERIALES<br \/>* USO 220 V<br \/>*Listo para su envi\u00f3<\/p>\n<p>Excelente calidad<br \/>Producto garantizado (60 d\u00edas)<br \/>Kit de extractor de abolladuras para reparaci\u00f3n de carrocer\u00eda de coche para m\u00e1quina de soldadura por puntos<\/p>\n<p>\u2022 Contenido del producto:<br \/>\u2022 1 X Equipo Inversora<br \/>\u2022 1 X Pistola de Soldar<br \/>\u2022 1 X Martillo de tracci\u00f3n multifuncional<br \/>\u2022 2 X varilla de carbono<br \/>\u2022 1 X Caja de Accesorios<\/p>\n<p>voltaje de entrada: 220V<br \/>potencia: 3kW<br \/>espesor de soldadura: 1,2 \u00b1 0,4 mm<br \/>max corriente instant\u00e1nea : 6800A<br \/>corriente de entrada: 16A<br \/>voltaje sin carga: 6.2V<\/p>\n<p>Modo manual y autom\u00e1tico<br \/>Funci\u00f3n an\u00e1loga<br \/>F\u00e1cil de usar<br \/>Un equipo con tecnolog\u00eda y calidad para los profesionales de la reparaci\u00f3n automotriz<\/p>\n","protected":false},"featured_media":5174,"comment_status":"open","ping_status":"closed","template":"","meta":{"om_disable_all_campaigns":false,"_uag_custom_page_level_css":"","_monsterinsights_skip_tracking":false,"_monsterinsights_sitenote_active":false,"_monsterinsights_sitenote_note":"","_monsterinsights_sitenote_category":0},"product_cat":[158],"product_tag":[252],"class_list":{"0":"post-5173","1":"product","2":"type-product","3":"status-publish","4":"has-post-thumbnail","6":"product_cat-mecanico","7":"product_tag-herramientas-mecanico","9":"first","10":"instock","11":"shipping-taxable","12":"purchasable","13":"product-type-simple"},"aioseo_notices":[],"jetpack_sharing_enabled":true,"uagb_featured_image_src":{"full":["https:\/\/quasarhomecenter.com\/wp-content\/uploads\/2024\/03\/23626-Banco-de-datos.png",2500,2500,false],"thumbnail":["https:\/\/quasarhomecenter.com\/wp-content\/uploads\/2024\/03\/23626-Banco-de-datos-150x150.png",150,150,true],"medium":["https:\/\/quasarhomecenter.com\/wp-content\/uploads\/2024\/03\/23626-Banco-de-datos-300x300.png",300,300,true],"medium_large":["https:\/\/quasarhomecenter.com\/wp-content\/uploads\/2024\/03\/23626-Banco-de-datos-768x768.png",768,768,true],"large":["https:\/\/quasarhomecenter.com\/wp-content\/uploads\/2024\/03\/23626-Banco-de-datos-1024x1024.png",1024,1024,true],"1536x1536":["https:\/\/quasarhomecenter.com\/wp-content\/uploads\/2024\/03\/23626-Banco-de-datos-1536x1536.png",1536,1536,true],"2048x2048":["https:\/\/quasarhomecenter.com\/wp-content\/uploads\/2024\/03\/23626-Banco-de-datos-2048x2048.png",2048,2048,true],"mailpoet_newsletter_max":["https:\/\/quasarhomecenter.com\/wp-content\/uploads\/2024\/03\/23626-Banco-de-datos-1320x1320.png",1320,1320,true],"woocommerce_thumbnail":["https:\/\/quasarhomecenter.com\/wp-content\/uploads\/2024\/03\/23626-Banco-de-datos-300x300.png",300,300,true],"woocommerce_single":["https:\/\/quasarhomecenter.com\/wp-content\/uploads\/2024\/03\/23626-Banco-de-datos-600x600.png",600,600,true],"woocommerce_gallery_thumbnail":["https:\/\/quasarhomecenter.com\/wp-content\/uploads\/2024\/03\/23626-Banco-de-datos-100x100.png",100,100,true]},"uagb_author_info":{"display_name":"quasarhomecenter.com","author_link":"https:\/\/quasarhomecenter.com\/index.php\/author\/"},"uagb_comment_info":0,"uagb_excerpt":"Extractor De Abolladuras Para Autos Coches* voltaje de entrada: 220V* potencia: 3kW* espesor de soldadura: 1,2 \u00b1 0,4 mm* max corriente instant\u00e1nea : 6800A*corriente de entrada: 16A* voltaje sin carga: 6.2Vuso continuo de dos horas (el fabricante indica que es continuo pero por una mejor vida del equipo) con sistema de protecci\u00f3n por sobrecalentamiento7 funciones*&hellip;","_links":{"self":[{"href":"https:\/\/quasarhomecenter.com\/index.php\/wp-json\/wp\/v2\/product\/5173","targetHints":{"allow":["GET"]}}],"collection":[{"href":"https:\/\/quasarhomecenter.com\/index.php\/wp-json\/wp\/v2\/product"}],"about":[{"href":"https:\/\/quasarhomecenter.com\/index.php\/wp-json\/wp\/v2\/types\/product"}],"replies":[{"embeddable":true,"href":"https:\/\/quasarhomecenter.com\/index.php\/wp-json\/wp\/v2\/comments?post=5173"}],"wp:featuredmedia":[{"embeddable":true,"href":"https:\/\/quasarhomecenter.com\/index.php\/wp-json\/wp\/v2\/media\/5174"}],"wp:attachment":[{"href":"https:\/\/quasarhomecenter.com\/index.php\/wp-json\/wp\/v2\/media?parent=5173"}],"wp:term":[{"taxonomy":"product_cat","embeddable":true,"href":"https:\/\/quasarhomecenter.com\/index.php\/wp-json\/wp\/v2\/product_cat?post=5173"},{"taxonomy":"product_tag","embeddable":true,"href":"https:\/\/quasarhomecenter.com\/index.php\/wp-json\/wp\/v2\/product_tag?post=5173"}],"curies":[{"name":"wp","href":"https:\/\/api.w.org\/{rel}","templated":true}]}}