{"id":5197,"date":"2024-03-04T09:30:44","date_gmt":"2024-03-04T12:30:44","guid":{"rendered":"https:\/\/quasarhomecenter.com\/?post_type=product&#038;p=5197"},"modified":"2024-03-04T10:12:42","modified_gmt":"2024-03-04T13:12:42","slug":"bomba-de-grasa-resistente-a-la-corrosion","status":"publish","type":"product","link":"https:\/\/quasarhomecenter.com\/index.php\/product\/bomba-de-grasa-resistente-a-la-corrosion\/","title":{"rendered":"Bomba de grasa resistente a la corrosi\u00f3n"},"content":{"rendered":"<p>Bomba de grasa Resistente a la corrosi\u00f3n Mini engrasador Lubricaci\u00f3n pulida \u00datil Excavadoras autom\u00e1ticas Engrasador de grasa Herramientas Automotrices<\/p>\n<p>Especificaciones:<br \/>Garantiza un buen sellado para evitar fugas y reflujo porque est\u00e1 dise\u00f1ado con boquilla de prevenci\u00f3n de reflujo. Dado que est\u00e1 dise\u00f1ado con un dispositivo de autobloqueo, garantiza un vertido m\u00e1s seguro y c\u00f3modo.<br \/>Dado que est\u00e1 dise\u00f1ado con un resorte de presi\u00f3n manual, es el\u00e1stico y ahorra trabajo. Con un dise\u00f1o de superficie pulida, es antideslizante y c\u00f3modo de agarrar.<br \/>La bomba de grasa est\u00e1 hecha de material de acero, que es duradero y resistente.<br \/>La longitud de este producto es de 36cm.<br \/>Es adecuado para varias excavadoras autom\u00e1ticas y marinas.<\/p>\n<p>Nombre del art\u00edculo: Bomba de grasa<\/p>\n<p>Capacidad: 400cc<br \/>Presi\u00f3n m\u00e1xima de funcionamiento: 10000PSI<br \/>Caracter\u00edsticas: alta resistencia, buena dureza, manual<br \/>Detalles del tama\u00f1o:<br \/>Longitud: 36cm\/14,17 &#8220;(aprox.)<\/p>\n","protected":false},"excerpt":{"rendered":"<p><strong>Bomba de grasa resistente a la corrosi\u00f3n, Mini engrasador, lubricaci\u00f3n pulida, excavadoras autom\u00e1ticas \u00fatiles, engrasador de grasa, herramientas Automotrices<\/strong><\/p>\n","protected":false},"featured_media":5198,"comment_status":"open","ping_status":"closed","template":"","meta":{"om_disable_all_campaigns":false,"_uag_custom_page_level_css":"","_monsterinsights_skip_tracking":false,"_monsterinsights_sitenote_active":false,"_monsterinsights_sitenote_note":"","_monsterinsights_sitenote_category":0},"product_cat":[160],"product_tag":[],"class_list":{"0":"post-5197","1":"product","2":"type-product","3":"status-publish","4":"has-post-thumbnail","6":"product_cat-herramientas-varias","8":"first","9":"instock","10":"shipping-taxable","11":"purchasable","12":"product-type-simple"},"aioseo_notices":[],"jetpack_sharing_enabled":true,"uagb_featured_image_src":{"full":["https:\/\/quasarhomecenter.com\/wp-content\/uploads\/2024\/03\/23558-Banco-de-datos.png",2500,2500,false],"thumbnail":["https:\/\/quasarhomecenter.com\/wp-content\/uploads\/2024\/03\/23558-Banco-de-datos-150x150.png",150,150,true],"medium":["https:\/\/quasarhomecenter.com\/wp-content\/uploads\/2024\/03\/23558-Banco-de-datos-300x300.png",300,300,true],"medium_large":["https:\/\/quasarhomecenter.com\/wp-content\/uploads\/2024\/03\/23558-Banco-de-datos-768x768.png",768,768,true],"large":["https:\/\/quasarhomecenter.com\/wp-content\/uploads\/2024\/03\/23558-Banco-de-datos-1024x1024.png",1024,1024,true],"1536x1536":["https:\/\/quasarhomecenter.com\/wp-content\/uploads\/2024\/03\/23558-Banco-de-datos-1536x1536.png",1536,1536,true],"2048x2048":["https:\/\/quasarhomecenter.com\/wp-content\/uploads\/2024\/03\/23558-Banco-de-datos-2048x2048.png",2048,2048,true],"mailpoet_newsletter_max":["https:\/\/quasarhomecenter.com\/wp-content\/uploads\/2024\/03\/23558-Banco-de-datos-1320x1320.png",1320,1320,true],"woocommerce_thumbnail":["https:\/\/quasarhomecenter.com\/wp-content\/uploads\/2024\/03\/23558-Banco-de-datos-300x300.png",300,300,true],"woocommerce_single":["https:\/\/quasarhomecenter.com\/wp-content\/uploads\/2024\/03\/23558-Banco-de-datos-600x600.png",600,600,true],"woocommerce_gallery_thumbnail":["https:\/\/quasarhomecenter.com\/wp-content\/uploads\/2024\/03\/23558-Banco-de-datos-100x100.png",100,100,true]},"uagb_author_info":{"display_name":"quasarhomecenter.com","author_link":"https:\/\/quasarhomecenter.com\/index.php\/author\/"},"uagb_comment_info":0,"uagb_excerpt":"Bomba de grasa resistente a la corrosi\u00f3n, Mini engrasador, lubricaci\u00f3n pulida, excavadoras autom\u00e1ticas \u00fatiles, engrasador de grasa, herramientas Automotrices","_links":{"self":[{"href":"https:\/\/quasarhomecenter.com\/index.php\/wp-json\/wp\/v2\/product\/5197","targetHints":{"allow":["GET"]}}],"collection":[{"href":"https:\/\/quasarhomecenter.com\/index.php\/wp-json\/wp\/v2\/product"}],"about":[{"href":"https:\/\/quasarhomecenter.com\/index.php\/wp-json\/wp\/v2\/types\/product"}],"replies":[{"embeddable":true,"href":"https:\/\/quasarhomecenter.com\/index.php\/wp-json\/wp\/v2\/comments?post=5197"}],"wp:featuredmedia":[{"embeddable":true,"href":"https:\/\/quasarhomecenter.com\/index.php\/wp-json\/wp\/v2\/media\/5198"}],"wp:attachment":[{"href":"https:\/\/quasarhomecenter.com\/index.php\/wp-json\/wp\/v2\/media?parent=5197"}],"wp:term":[{"taxonomy":"product_cat","embeddable":true,"href":"https:\/\/quasarhomecenter.com\/index.php\/wp-json\/wp\/v2\/product_cat?post=5197"},{"taxonomy":"product_tag","embeddable":true,"href":"https:\/\/quasarhomecenter.com\/index.php\/wp-json\/wp\/v2\/product_tag?post=5197"}],"curies":[{"name":"wp","href":"https:\/\/api.w.org\/{rel}","templated":true}]}}