{"id":5219,"date":"2024-03-05T08:49:38","date_gmt":"2024-03-05T11:49:38","guid":{"rendered":"https:\/\/quasarhomecenter.com\/?post_type=product&#038;p=5219"},"modified":"2024-03-05T11:06:39","modified_gmt":"2024-03-05T14:06:39","slug":"grapadora-clavadora","status":"publish","type":"product","link":"https:\/\/quasarhomecenter.com\/index.php\/product\/grapadora-clavadora\/","title":{"rendered":"Grapadora Clavadora"},"content":{"rendered":"<p>GRAPADORA CLAVADORA<\/p>\n<p>REFERENCIA : CHSG-001D<\/p>\n<p>TAMA\u00d1O GRAPA CUADRADA : 4mm hasta 14mm<\/p>\n<p>TAMA\u00d1O DE GRAPA REDONDA : 10mm hasta 12mm<\/p>\n<p>TAMA\u00d1O DEL CLAVILLO : 10mm hasta 14 mm<\/p>\n<p>GRAPADORA 100% EN ACERO INOXIDABLE<\/p>\n<p>ADECUADA PARA AISLAMIENTO, ENVOLTURA EN TECHOS, CABLEADO, ALFOMBRAS TAPICER\u00cdA Y MUCHO MAS<\/p>\n<p>MANGO ERGON\u00d3MICO DE METAL CON EXCELENTE RENDIMIENTO ANTIOXIDANTE<\/p>\n<p>CONSTRUIDA DE ACERO ESTABLE CON SUPERFICIE DE ACABADO CROMADA<\/p>\n","protected":false},"excerpt":{"rendered":"<p>GRAPADORA CLAVADORA<\/p>\n<p>REFERENCIA : CHSG-001D<\/p>\n<p>TAMA\u00d1O GRAPA CUADRADA : 4mm hasta 14mm<\/p>\n<p>TAMA\u00d1O DE GRAPA REDONDA : 10mm hasta 12mm<\/p>\n<p>TAMA\u00d1O DEL CLAVILLO : 10mm hasta 14 mm<\/p>\n<p>GRAPADORA 100% EN ACERO INOXIDABLE<\/p>\n<p>ADECUADA PARA AISLAMIENTO, ENVOLTURA EN TECHOS, CABLEADO, ALFOMBRAS TAPICER\u00cdA Y MUCHO MAS<\/p>\n<p>MANGO ERGON\u00d3MICO DE METAL CON EXCELENTE RENDIMIENTO ANTIOXIDANTE<\/p>\n<p>CONSTRUIDA DE ACERO ESTABLE CON SUPERFICIE DE ACABADO CROMADA<\/p>\n","protected":false},"featured_media":5220,"comment_status":"open","ping_status":"closed","template":"","meta":{"om_disable_all_campaigns":false,"_uag_custom_page_level_css":"","_monsterinsights_skip_tracking":false,"_monsterinsights_sitenote_active":false,"_monsterinsights_sitenote_note":"","_monsterinsights_sitenote_category":0},"product_cat":[160,37],"product_tag":[],"class_list":{"0":"post-5219","1":"product","2":"type-product","3":"status-publish","4":"has-post-thumbnail","6":"product_cat-herramientas-varias","7":"product_cat-carpinteria","9":"first","10":"instock","11":"shipping-taxable","12":"purchasable","13":"product-type-simple"},"aioseo_notices":[],"jetpack_sharing_enabled":true,"uagb_featured_image_src":{"full":["https:\/\/quasarhomecenter.com\/wp-content\/uploads\/2024\/03\/23523.png",2500,2500,false],"thumbnail":["https:\/\/quasarhomecenter.com\/wp-content\/uploads\/2024\/03\/23523-150x150.png",150,150,true],"medium":["https:\/\/quasarhomecenter.com\/wp-content\/uploads\/2024\/03\/23523-300x300.png",300,300,true],"medium_large":["https:\/\/quasarhomecenter.com\/wp-content\/uploads\/2024\/03\/23523-768x768.png",768,768,true],"large":["https:\/\/quasarhomecenter.com\/wp-content\/uploads\/2024\/03\/23523-1024x1024.png",1024,1024,true],"1536x1536":["https:\/\/quasarhomecenter.com\/wp-content\/uploads\/2024\/03\/23523-1536x1536.png",1536,1536,true],"2048x2048":["https:\/\/quasarhomecenter.com\/wp-content\/uploads\/2024\/03\/23523-2048x2048.png",2048,2048,true],"mailpoet_newsletter_max":["https:\/\/quasarhomecenter.com\/wp-content\/uploads\/2024\/03\/23523-1320x1320.png",1320,1320,true],"woocommerce_thumbnail":["https:\/\/quasarhomecenter.com\/wp-content\/uploads\/2024\/03\/23523-300x300.png",300,300,true],"woocommerce_single":["https:\/\/quasarhomecenter.com\/wp-content\/uploads\/2024\/03\/23523-600x600.png",600,600,true],"woocommerce_gallery_thumbnail":["https:\/\/quasarhomecenter.com\/wp-content\/uploads\/2024\/03\/23523-100x100.png",100,100,true]},"uagb_author_info":{"display_name":"quasarhomecenter.com","author_link":"https:\/\/quasarhomecenter.com\/index.php\/author\/"},"uagb_comment_info":0,"uagb_excerpt":"GRAPADORA CLAVADORAREFERENCIA : CHSG-001DTAMA\u00d1O GRAPA CUADRADA : 4mm hasta 14mmTAMA\u00d1O DE GRAPA REDONDA : 10mm hasta 12mmTAMA\u00d1O DEL CLAVILLO : 10mm hasta 14 mmGRAPADORA 100% EN ACERO INOXIDABLEADECUADA PARA AISLAMIENTO, ENVOLTURA EN TECHOS, CABLEADO, ALFOMBRAS TAPICER\u00cdA Y MUCHO MASMANGO ERGON\u00d3MICO DE METAL CON EXCELENTE RENDIMIENTO ANTIOXIDANTECONSTRUIDA DE ACERO ESTABLE CON SUPERFICIE DE ACABADO CROMADA","_links":{"self":[{"href":"https:\/\/quasarhomecenter.com\/index.php\/wp-json\/wp\/v2\/product\/5219","targetHints":{"allow":["GET"]}}],"collection":[{"href":"https:\/\/quasarhomecenter.com\/index.php\/wp-json\/wp\/v2\/product"}],"about":[{"href":"https:\/\/quasarhomecenter.com\/index.php\/wp-json\/wp\/v2\/types\/product"}],"replies":[{"embeddable":true,"href":"https:\/\/quasarhomecenter.com\/index.php\/wp-json\/wp\/v2\/comments?post=5219"}],"wp:featuredmedia":[{"embeddable":true,"href":"https:\/\/quasarhomecenter.com\/index.php\/wp-json\/wp\/v2\/media\/5220"}],"wp:attachment":[{"href":"https:\/\/quasarhomecenter.com\/index.php\/wp-json\/wp\/v2\/media?parent=5219"}],"wp:term":[{"taxonomy":"product_cat","embeddable":true,"href":"https:\/\/quasarhomecenter.com\/index.php\/wp-json\/wp\/v2\/product_cat?post=5219"},{"taxonomy":"product_tag","embeddable":true,"href":"https:\/\/quasarhomecenter.com\/index.php\/wp-json\/wp\/v2\/product_tag?post=5219"}],"curies":[{"name":"wp","href":"https:\/\/api.w.org\/{rel}","templated":true}]}}