{"id":5225,"date":"2024-03-05T09:41:58","date_gmt":"2024-03-05T12:41:58","guid":{"rendered":"https:\/\/quasarhomecenter.com\/?post_type=product&#038;p=5225"},"modified":"2024-03-05T09:47:48","modified_gmt":"2024-03-05T12:47:48","slug":"mascara-para-soldar-fotocromatica-y-fotosensible-luma","status":"publish","type":"product","link":"https:\/\/quasarhomecenter.com\/index.php\/product\/mascara-para-soldar-fotocromatica-y-fotosensible-luma\/","title":{"rendered":"Mascara Para Soldar Fotocromatica Y Fotosensible Luma"},"content":{"rendered":"<p>FABRICADA EN MATERIAL PL\u00c1STICO<\/p>\n<p>COMPLETAMENTE AJUSTABLE<\/p>\n<p>\u00c1REA DE VISI\u00d3N: 4 X 9 CM<\/p>\n<p>PROTECCI\u00d3N PERMANENTE UV-IR<\/p>\n<p>SE OSCURECE AUTOM\u00c1TICAMENTE AL DETECTAR LA SOLDADURA<\/p>\n<p>REGULADOR DE SENSIBILIDAD<\/p>\n<p>LIVIANA<\/p>\n<p>CELDAS SOLARES INCORPORADAS<\/p>\n<p>NO REQUIERE RECARGA EXTERNA<\/p>\n<p>12 POSICIONES DE REGULACI\u00d3N MANUAL + PERILLA PARA AJUSTE + REGULACI\u00d3N LATERAL DE \u00c1NGULO<\/p>\n","protected":false},"excerpt":{"rendered":"<p>FABRICADA EN MATERIAL PL\u00c1STICO<\/p>\n<p>COMPLETAMENTE AJUSTABLE<\/p>\n<p>\u00c1REA DE VISI\u00d3N: 4 X 9 CM<\/p>\n<p>PROTECCI\u00d3N PERMANENTE UV-IR<\/p>\n<p>SE OSCURECE AUTOM\u00c1TICAMENTE AL DETECTAR LA SOLDADURA<\/p>\n<p>REGULADOR DE SENSIBILIDAD<\/p>\n<p>LIVIANA<\/p>\n<p>CELDAS SOLARES INCORPORADAS<\/p>\n<p>NO REQUIERE RECARGA EXTERNA<\/p>\n<p>12 POSICIONES DE REGULACI\u00d3N MANUAL + PERILLA PARA AJUSTE + REGULACI\u00d3N LATERAL DE \u00c1NGULO<\/p>\n","protected":false},"featured_media":5226,"comment_status":"open","ping_status":"closed","template":"","meta":{"om_disable_all_campaigns":false,"_uag_custom_page_level_css":"","_monsterinsights_skip_tracking":false,"_monsterinsights_sitenote_active":false,"_monsterinsights_sitenote_note":"","_monsterinsights_sitenote_category":0},"product_cat":[160,158],"product_tag":[],"class_list":{"0":"post-5225","1":"product","2":"type-product","3":"status-publish","4":"has-post-thumbnail","6":"product_cat-herramientas-varias","7":"product_cat-mecanico","9":"first","10":"instock","11":"shipping-taxable","12":"product-type-simple"},"aioseo_notices":[],"jetpack_sharing_enabled":true,"uagb_featured_image_src":{"full":["https:\/\/quasarhomecenter.com\/wp-content\/uploads\/2024\/03\/23526-Banco-de-datos.png",2295,2295,false],"thumbnail":["https:\/\/quasarhomecenter.com\/wp-content\/uploads\/2024\/03\/23526-Banco-de-datos-150x150.png",150,150,true],"medium":["https:\/\/quasarhomecenter.com\/wp-content\/uploads\/2024\/03\/23526-Banco-de-datos-300x300.png",300,300,true],"medium_large":["https:\/\/quasarhomecenter.com\/wp-content\/uploads\/2024\/03\/23526-Banco-de-datos-768x768.png",768,768,true],"large":["https:\/\/quasarhomecenter.com\/wp-content\/uploads\/2024\/03\/23526-Banco-de-datos-1024x1024.png",1024,1024,true],"1536x1536":["https:\/\/quasarhomecenter.com\/wp-content\/uploads\/2024\/03\/23526-Banco-de-datos-1536x1536.png",1536,1536,true],"2048x2048":["https:\/\/quasarhomecenter.com\/wp-content\/uploads\/2024\/03\/23526-Banco-de-datos-2048x2048.png",2048,2048,true],"mailpoet_newsletter_max":["https:\/\/quasarhomecenter.com\/wp-content\/uploads\/2024\/03\/23526-Banco-de-datos-1320x1320.png",1320,1320,true],"woocommerce_thumbnail":["https:\/\/quasarhomecenter.com\/wp-content\/uploads\/2024\/03\/23526-Banco-de-datos-300x300.png",300,300,true],"woocommerce_single":["https:\/\/quasarhomecenter.com\/wp-content\/uploads\/2024\/03\/23526-Banco-de-datos-600x600.png",600,600,true],"woocommerce_gallery_thumbnail":["https:\/\/quasarhomecenter.com\/wp-content\/uploads\/2024\/03\/23526-Banco-de-datos-100x100.png",100,100,true]},"uagb_author_info":{"display_name":"quasarhomecenter.com","author_link":"https:\/\/quasarhomecenter.com\/index.php\/author\/"},"uagb_comment_info":0,"uagb_excerpt":"FABRICADA EN MATERIAL PL\u00c1STICOCOMPLETAMENTE AJUSTABLE\u00c1REA DE VISI\u00d3N: 4 X 9 CMPROTECCI\u00d3N PERMANENTE UV-IRSE OSCURECE AUTOM\u00c1TICAMENTE AL DETECTAR LA SOLDADURAREGULADOR DE SENSIBILIDADLIVIANACELDAS SOLARES INCORPORADASNO REQUIERE RECARGA EXTERNA12 POSICIONES DE REGULACI\u00d3N MANUAL + PERILLA PARA AJUSTE + REGULACI\u00d3N LATERAL DE \u00c1NGULO","_links":{"self":[{"href":"https:\/\/quasarhomecenter.com\/index.php\/wp-json\/wp\/v2\/product\/5225","targetHints":{"allow":["GET"]}}],"collection":[{"href":"https:\/\/quasarhomecenter.com\/index.php\/wp-json\/wp\/v2\/product"}],"about":[{"href":"https:\/\/quasarhomecenter.com\/index.php\/wp-json\/wp\/v2\/types\/product"}],"replies":[{"embeddable":true,"href":"https:\/\/quasarhomecenter.com\/index.php\/wp-json\/wp\/v2\/comments?post=5225"}],"wp:featuredmedia":[{"embeddable":true,"href":"https:\/\/quasarhomecenter.com\/index.php\/wp-json\/wp\/v2\/media\/5226"}],"wp:attachment":[{"href":"https:\/\/quasarhomecenter.com\/index.php\/wp-json\/wp\/v2\/media?parent=5225"}],"wp:term":[{"taxonomy":"product_cat","embeddable":true,"href":"https:\/\/quasarhomecenter.com\/index.php\/wp-json\/wp\/v2\/product_cat?post=5225"},{"taxonomy":"product_tag","embeddable":true,"href":"https:\/\/quasarhomecenter.com\/index.php\/wp-json\/wp\/v2\/product_tag?post=5225"}],"curies":[{"name":"wp","href":"https:\/\/api.w.org\/{rel}","templated":true}]}}