{"id":5227,"date":"2024-03-05T09:49:07","date_gmt":"2024-03-05T12:49:07","guid":{"rendered":"https:\/\/quasarhomecenter.com\/?post_type=product&#038;p=5227"},"modified":"2024-03-05T11:15:13","modified_gmt":"2024-03-05T14:15:13","slug":"quita-pelusa-electrico-220v-el-mejor-y-mas-potente","status":"publish","type":"product","link":"https:\/\/quasarhomecenter.com\/index.php\/product\/quita-pelusa-electrico-220v-el-mejor-y-mas-potente\/","title":{"rendered":"Quita Pelusa El\u00e9ctrico 220v. El Mejor Y Mas Potente."},"content":{"rendered":"<p>Quita pelusa el\u00e9ctrico. Renueve su ropa, le quita toda la friza y la deja como reci\u00e9n comprada. El\u00e9ctrico a 220v.<\/p>\n","protected":false},"excerpt":{"rendered":"<p>Quita pelusa el\u00e9ctrico. Renueve su ropa, le quita toda la friza y la deja como reci\u00e9n comprada. El\u00e9ctrico a 220v.<\/p>\n","protected":false},"featured_media":5228,"comment_status":"open","ping_status":"closed","template":"","meta":{"om_disable_all_campaigns":false,"_uag_custom_page_level_css":"","_monsterinsights_skip_tracking":false,"_monsterinsights_sitenote_active":false,"_monsterinsights_sitenote_note":"","_monsterinsights_sitenote_category":0},"product_cat":[29],"product_tag":[134],"class_list":{"0":"post-5227","1":"product","2":"type-product","3":"status-publish","4":"has-post-thumbnail","6":"product_cat-electrodomesticos","7":"product_tag-pequenos-electrodomesticos","9":"first","10":"instock","11":"shipping-taxable","12":"purchasable","13":"product-type-simple"},"aioseo_notices":[],"jetpack_sharing_enabled":true,"uagb_featured_image_src":{"full":["https:\/\/quasarhomecenter.com\/wp-content\/uploads\/2024\/03\/23542-Banco-de-datos.png-2.png",2500,2500,false],"thumbnail":["https:\/\/quasarhomecenter.com\/wp-content\/uploads\/2024\/03\/23542-Banco-de-datos.png-2-150x150.png",150,150,true],"medium":["https:\/\/quasarhomecenter.com\/wp-content\/uploads\/2024\/03\/23542-Banco-de-datos.png-2-300x300.png",300,300,true],"medium_large":["https:\/\/quasarhomecenter.com\/wp-content\/uploads\/2024\/03\/23542-Banco-de-datos.png-2-768x768.png",768,768,true],"large":["https:\/\/quasarhomecenter.com\/wp-content\/uploads\/2024\/03\/23542-Banco-de-datos.png-2-1024x1024.png",1024,1024,true],"1536x1536":["https:\/\/quasarhomecenter.com\/wp-content\/uploads\/2024\/03\/23542-Banco-de-datos.png-2-1536x1536.png",1536,1536,true],"2048x2048":["https:\/\/quasarhomecenter.com\/wp-content\/uploads\/2024\/03\/23542-Banco-de-datos.png-2-2048x2048.png",2048,2048,true],"mailpoet_newsletter_max":["https:\/\/quasarhomecenter.com\/wp-content\/uploads\/2024\/03\/23542-Banco-de-datos.png-2-1320x1320.png",1320,1320,true],"woocommerce_thumbnail":["https:\/\/quasarhomecenter.com\/wp-content\/uploads\/2024\/03\/23542-Banco-de-datos.png-2-300x300.png",300,300,true],"woocommerce_single":["https:\/\/quasarhomecenter.com\/wp-content\/uploads\/2024\/03\/23542-Banco-de-datos.png-2-600x600.png",600,600,true],"woocommerce_gallery_thumbnail":["https:\/\/quasarhomecenter.com\/wp-content\/uploads\/2024\/03\/23542-Banco-de-datos.png-2-100x100.png",100,100,true]},"uagb_author_info":{"display_name":"quasarhomecenter.com","author_link":"https:\/\/quasarhomecenter.com\/index.php\/author\/"},"uagb_comment_info":0,"uagb_excerpt":"Quita pelusa el\u00e9ctrico. Renueve su ropa, le quita toda la friza y la deja como reci\u00e9n comprada. El\u00e9ctrico a 220v.","_links":{"self":[{"href":"https:\/\/quasarhomecenter.com\/index.php\/wp-json\/wp\/v2\/product\/5227","targetHints":{"allow":["GET"]}}],"collection":[{"href":"https:\/\/quasarhomecenter.com\/index.php\/wp-json\/wp\/v2\/product"}],"about":[{"href":"https:\/\/quasarhomecenter.com\/index.php\/wp-json\/wp\/v2\/types\/product"}],"replies":[{"embeddable":true,"href":"https:\/\/quasarhomecenter.com\/index.php\/wp-json\/wp\/v2\/comments?post=5227"}],"wp:featuredmedia":[{"embeddable":true,"href":"https:\/\/quasarhomecenter.com\/index.php\/wp-json\/wp\/v2\/media\/5228"}],"wp:attachment":[{"href":"https:\/\/quasarhomecenter.com\/index.php\/wp-json\/wp\/v2\/media?parent=5227"}],"wp:term":[{"taxonomy":"product_cat","embeddable":true,"href":"https:\/\/quasarhomecenter.com\/index.php\/wp-json\/wp\/v2\/product_cat?post=5227"},{"taxonomy":"product_tag","embeddable":true,"href":"https:\/\/quasarhomecenter.com\/index.php\/wp-json\/wp\/v2\/product_tag?post=5227"}],"curies":[{"name":"wp","href":"https:\/\/api.w.org\/{rel}","templated":true}]}}