{"id":5298,"date":"2024-03-06T11:15:23","date_gmt":"2024-03-06T14:15:23","guid":{"rendered":"https:\/\/quasarhomecenter.com\/?post_type=product&#038;p=5298"},"modified":"2024-03-06T11:25:02","modified_gmt":"2024-03-06T14:25:02","slug":"extractor-de-jugos-automatico","status":"publish","type":"product","link":"https:\/\/quasarhomecenter.com\/index.php\/product\/extractor-de-jugos-automatico\/","title":{"rendered":"Extractor De Jugos Automatico"},"content":{"rendered":"<p>Caracter\u00edsticas<br \/>1. Material de acero inoxidable: La m\u00e1quina exprimidora est\u00e1 hecha de material de acero inoxidable de calidad alimentaria, finamente elaborado, con dientes de cuchilla de alta densidad, malla de microfiltro fino de 0,35 mm.<\/p>\n<p>2. Dise\u00f1o antideslizante: La parte inferior de la varilla de empuje est\u00e1 dise\u00f1ada con dientes de molienda antideslizantes, y la base est\u00e1 dise\u00f1ada con antideslizante, proporcionando detalles m\u00e1s humanizados.<\/p>\n<p>3. Taza de zumo y salida de zumo: Vaso de zumo de gran capacidad con calibre de 7cm. La salida de jugo est\u00e1 hecha de materiales de grado alimenticio, seguro, respetuoso del medio ambiente, saludable e inofensivo.<\/p>\n<p>4. Dise\u00f1o de 2 velocidades: La primera velocidad baja es adecuada para frutas m\u00e1s blandas como sand\u00edas y naranjas. 2 \u00aa velocidad de alta velocidad es adecuado para las frutas m\u00e1s duras como las manzanas y el apio. Adecuado para exprimir diferentes alimentos de frutas.<\/p>\n<p>5. Separaci\u00f3n completa del zumo: La separaci\u00f3n del jugo es m\u00e1s completa, y la trituraci\u00f3n axial de tres cuchillas es m\u00e1s completa.<\/p>\n<p>Especificaci\u00f3n<br \/>Tipo de art\u00edculo: M\u00e1quina exprimidora<br \/>Material: Acero inoxidable Acero inoxidable<br \/>Peso: Aprox. 2392g \/ 5.3lb<br \/>Especificaci\u00f3n: US 110V<\/p>\n<p>Lista de paquetes<br \/>1 x Exprimidor<br \/>1 x Vaso de zumo<br \/>1 x Instrucciones<\/p>\n","protected":false},"excerpt":{"rendered":"<p>Caracter\u00edsticas<br \/>1. Material de acero inoxidable: La m\u00e1quina exprimidora est\u00e1 hecha de material de acero inoxidable de calidad alimentaria, finamente elaborado, con dientes de cuchilla de alta densidad, malla de microfiltro fino de 0,35 mm.<\/p>\n<p>2. Dise\u00f1o antideslizante: La parte inferior de la varilla de empuje est\u00e1 dise\u00f1ada con dientes de molienda antideslizantes, y la base est\u00e1 dise\u00f1ada con antideslizante, proporcionando detalles m\u00e1s humanizados.<\/p>\n<p>3. Taza de zumo y salida de zumo: Vaso de zumo de gran capacidad con calibre de 7cm. La salida de jugo est\u00e1 hecha de materiales de grado alimenticio, seguro, respetuoso del medio ambiente, saludable e inofensivo.<\/p>\n<p>4. Dise\u00f1o de 2 velocidades: La primera velocidad baja es adecuada para frutas m\u00e1s blandas como sand\u00edas y naranjas. 2 \u00aa velocidad de alta velocidad es adecuado para las frutas m\u00e1s duras como las manzanas y el apio. Adecuado para exprimir diferentes alimentos de frutas.<\/p>\n<p>5. Separaci\u00f3n completa del zumo: La separaci\u00f3n del jugo es m\u00e1s completa, y la trituraci\u00f3n axial de tres cuchillas es m\u00e1s completa.<\/p>\n<p>Especificaci\u00f3n<br \/>Tipo de art\u00edculo: M\u00e1quina exprimidora<br \/>Material: Acero inoxidable Acero inoxidable<br \/>Peso: Aprox. 2392g \/ 5.3lb<br \/>Especificaci\u00f3n: US 110V<\/p>\n<p>Lista de paquetes<br \/>1 x Exprimidor<br \/>1 x Vaso de zumo<br \/>1 x Instrucciones<\/p>\n","protected":false},"featured_media":5302,"comment_status":"open","ping_status":"closed","template":"","meta":{"om_disable_all_campaigns":false,"_uag_custom_page_level_css":"","_monsterinsights_skip_tracking":false,"_monsterinsights_sitenote_active":false,"_monsterinsights_sitenote_note":"","_monsterinsights_sitenote_category":0},"product_cat":[29],"product_tag":[134],"class_list":{"0":"post-5298","1":"product","2":"type-product","3":"status-publish","4":"has-post-thumbnail","6":"product_cat-electrodomesticos","7":"product_tag-pequenos-electrodomesticos","9":"first","10":"instock","11":"shipping-taxable","12":"purchasable","13":"product-type-simple"},"aioseo_notices":[],"jetpack_sharing_enabled":true,"uagb_featured_image_src":{"full":["https:\/\/quasarhomecenter.com\/wp-content\/uploads\/2024\/03\/23729-Banco-de-datos.png",2500,2500,false],"thumbnail":["https:\/\/quasarhomecenter.com\/wp-content\/uploads\/2024\/03\/23729-Banco-de-datos-150x150.png",150,150,true],"medium":["https:\/\/quasarhomecenter.com\/wp-content\/uploads\/2024\/03\/23729-Banco-de-datos-300x300.png",300,300,true],"medium_large":["https:\/\/quasarhomecenter.com\/wp-content\/uploads\/2024\/03\/23729-Banco-de-datos-768x768.png",768,768,true],"large":["https:\/\/quasarhomecenter.com\/wp-content\/uploads\/2024\/03\/23729-Banco-de-datos-1024x1024.png",1024,1024,true],"1536x1536":["https:\/\/quasarhomecenter.com\/wp-content\/uploads\/2024\/03\/23729-Banco-de-datos-1536x1536.png",1536,1536,true],"2048x2048":["https:\/\/quasarhomecenter.com\/wp-content\/uploads\/2024\/03\/23729-Banco-de-datos-2048x2048.png",2048,2048,true],"mailpoet_newsletter_max":["https:\/\/quasarhomecenter.com\/wp-content\/uploads\/2024\/03\/23729-Banco-de-datos-1320x1320.png",1320,1320,true],"woocommerce_thumbnail":["https:\/\/quasarhomecenter.com\/wp-content\/uploads\/2024\/03\/23729-Banco-de-datos-300x300.png",300,300,true],"woocommerce_single":["https:\/\/quasarhomecenter.com\/wp-content\/uploads\/2024\/03\/23729-Banco-de-datos-600x600.png",600,600,true],"woocommerce_gallery_thumbnail":["https:\/\/quasarhomecenter.com\/wp-content\/uploads\/2024\/03\/23729-Banco-de-datos-100x100.png",100,100,true]},"uagb_author_info":{"display_name":"quasarhomecenter.com","author_link":"https:\/\/quasarhomecenter.com\/index.php\/author\/"},"uagb_comment_info":0,"uagb_excerpt":"Caracter\u00edsticas1. Material de acero inoxidable: La m\u00e1quina exprimidora est\u00e1 hecha de material de acero inoxidable de calidad alimentaria, finamente elaborado, con dientes de cuchilla de alta densidad, malla de microfiltro fino de 0,35 mm.2. Dise\u00f1o antideslizante: La parte inferior de la varilla de empuje est\u00e1 dise\u00f1ada con dientes de molienda antideslizantes, y la base est\u00e1&hellip;","_links":{"self":[{"href":"https:\/\/quasarhomecenter.com\/index.php\/wp-json\/wp\/v2\/product\/5298","targetHints":{"allow":["GET"]}}],"collection":[{"href":"https:\/\/quasarhomecenter.com\/index.php\/wp-json\/wp\/v2\/product"}],"about":[{"href":"https:\/\/quasarhomecenter.com\/index.php\/wp-json\/wp\/v2\/types\/product"}],"replies":[{"embeddable":true,"href":"https:\/\/quasarhomecenter.com\/index.php\/wp-json\/wp\/v2\/comments?post=5298"}],"wp:featuredmedia":[{"embeddable":true,"href":"https:\/\/quasarhomecenter.com\/index.php\/wp-json\/wp\/v2\/media\/5302"}],"wp:attachment":[{"href":"https:\/\/quasarhomecenter.com\/index.php\/wp-json\/wp\/v2\/media?parent=5298"}],"wp:term":[{"taxonomy":"product_cat","embeddable":true,"href":"https:\/\/quasarhomecenter.com\/index.php\/wp-json\/wp\/v2\/product_cat?post=5298"},{"taxonomy":"product_tag","embeddable":true,"href":"https:\/\/quasarhomecenter.com\/index.php\/wp-json\/wp\/v2\/product_tag?post=5298"}],"curies":[{"name":"wp","href":"https:\/\/api.w.org\/{rel}","templated":true}]}}