{"id":5320,"date":"2024-03-06T11:45:16","date_gmt":"2024-03-06T14:45:16","guid":{"rendered":"https:\/\/quasarhomecenter.com\/?post_type=product&#038;p=5320"},"modified":"2024-03-06T11:49:06","modified_gmt":"2024-03-06T14:49:06","slug":"tunel-gusano-195100105cm","status":"publish","type":"product","link":"https:\/\/quasarhomecenter.com\/index.php\/product\/tunel-gusano-195100105cm\/","title":{"rendered":"Tunel Gusano 195*100*105cm"},"content":{"rendered":"<p>Caracter\u00edsticas del T\u00fanel Gusano<br \/>Recomendado para ni\u00f1os de 5 a 7 a\u00f1os.<br \/>Puede utilizarse en el interior o exterior.<br \/>Fabricado en polipropileno.<br \/>Medidas<br \/>Alto: 105 cm.<br \/>Ancho: 100 cm.<br \/>Profundo: 190 cm.<\/p>\n","protected":false},"excerpt":{"rendered":"<p>Caracter\u00edsticas del T\u00fanel Gusano<br \/>Recomendado para ni\u00f1os de 5 a 7 a\u00f1os.<br \/>Puede utilizarse en el interior o exterior.<br \/>Fabricado en polipropileno.<br \/>Medidas<br \/>Alto: 105 cm.<br \/>Ancho: 100 cm.<br \/>Profundo: 190 cm.<\/p>\n","protected":false},"featured_media":5322,"comment_status":"open","ping_status":"closed","template":"","meta":{"om_disable_all_campaigns":false,"_uag_custom_page_level_css":"","_monsterinsights_skip_tracking":false,"_monsterinsights_sitenote_active":false,"_monsterinsights_sitenote_note":"","_monsterinsights_sitenote_category":0},"product_cat":[34],"product_tag":[],"class_list":{"0":"post-5320","1":"product","2":"type-product","3":"status-publish","4":"has-post-thumbnail","6":"product_cat-infantiles","8":"first","9":"instock","10":"shipping-taxable","11":"purchasable","12":"product-type-simple"},"aioseo_notices":[],"jetpack_sharing_enabled":true,"uagb_featured_image_src":{"full":["https:\/\/quasarhomecenter.com\/wp-content\/uploads\/2024\/03\/23755-Banco-de-datos-2.png",2500,2500,false],"thumbnail":["https:\/\/quasarhomecenter.com\/wp-content\/uploads\/2024\/03\/23755-Banco-de-datos-2-150x150.png",150,150,true],"medium":["https:\/\/quasarhomecenter.com\/wp-content\/uploads\/2024\/03\/23755-Banco-de-datos-2-300x300.png",300,300,true],"medium_large":["https:\/\/quasarhomecenter.com\/wp-content\/uploads\/2024\/03\/23755-Banco-de-datos-2-768x768.png",768,768,true],"large":["https:\/\/quasarhomecenter.com\/wp-content\/uploads\/2024\/03\/23755-Banco-de-datos-2-1024x1024.png",1024,1024,true],"1536x1536":["https:\/\/quasarhomecenter.com\/wp-content\/uploads\/2024\/03\/23755-Banco-de-datos-2-1536x1536.png",1536,1536,true],"2048x2048":["https:\/\/quasarhomecenter.com\/wp-content\/uploads\/2024\/03\/23755-Banco-de-datos-2-2048x2048.png",2048,2048,true],"mailpoet_newsletter_max":["https:\/\/quasarhomecenter.com\/wp-content\/uploads\/2024\/03\/23755-Banco-de-datos-2-1320x1320.png",1320,1320,true],"woocommerce_thumbnail":["https:\/\/quasarhomecenter.com\/wp-content\/uploads\/2024\/03\/23755-Banco-de-datos-2-300x300.png",300,300,true],"woocommerce_single":["https:\/\/quasarhomecenter.com\/wp-content\/uploads\/2024\/03\/23755-Banco-de-datos-2-600x600.png",600,600,true],"woocommerce_gallery_thumbnail":["https:\/\/quasarhomecenter.com\/wp-content\/uploads\/2024\/03\/23755-Banco-de-datos-2-100x100.png",100,100,true]},"uagb_author_info":{"display_name":"quasarhomecenter.com","author_link":"https:\/\/quasarhomecenter.com\/index.php\/author\/"},"uagb_comment_info":0,"uagb_excerpt":"Caracter\u00edsticas del T\u00fanel GusanoRecomendado para ni\u00f1os de 5 a 7 a\u00f1os.Puede utilizarse en el interior o exterior.Fabricado en polipropileno.MedidasAlto: 105 cm.Ancho: 100 cm.Profundo: 190 cm.","_links":{"self":[{"href":"https:\/\/quasarhomecenter.com\/index.php\/wp-json\/wp\/v2\/product\/5320","targetHints":{"allow":["GET"]}}],"collection":[{"href":"https:\/\/quasarhomecenter.com\/index.php\/wp-json\/wp\/v2\/product"}],"about":[{"href":"https:\/\/quasarhomecenter.com\/index.php\/wp-json\/wp\/v2\/types\/product"}],"replies":[{"embeddable":true,"href":"https:\/\/quasarhomecenter.com\/index.php\/wp-json\/wp\/v2\/comments?post=5320"}],"wp:featuredmedia":[{"embeddable":true,"href":"https:\/\/quasarhomecenter.com\/index.php\/wp-json\/wp\/v2\/media\/5322"}],"wp:attachment":[{"href":"https:\/\/quasarhomecenter.com\/index.php\/wp-json\/wp\/v2\/media?parent=5320"}],"wp:term":[{"taxonomy":"product_cat","embeddable":true,"href":"https:\/\/quasarhomecenter.com\/index.php\/wp-json\/wp\/v2\/product_cat?post=5320"},{"taxonomy":"product_tag","embeddable":true,"href":"https:\/\/quasarhomecenter.com\/index.php\/wp-json\/wp\/v2\/product_tag?post=5320"}],"curies":[{"name":"wp","href":"https:\/\/api.w.org\/{rel}","templated":true}]}}