{"id":5357,"date":"2024-03-11T10:40:27","date_gmt":"2024-03-11T13:40:27","guid":{"rendered":"https:\/\/quasarhomecenter.com\/?post_type=product&#038;p=5357"},"modified":"2024-03-14T09:21:52","modified_gmt":"2024-03-14T12:21:52","slug":"filtro-de-aceite-de-cocina-para-latas-colador","status":"publish","type":"product","link":"https:\/\/quasarhomecenter.com\/index.php\/product\/filtro-de-aceite-de-cocina-para-latas-colador\/","title":{"rendered":"Filtro De Aceite De Cocina Para Latas, Colador"},"content":{"rendered":"<p>Caracter\u00edsticas:<br \/>filtro fino desmontable: el colador de aceite se suministra con un filtro fino desmontable, orificio de filtro fino y uniforme para un efecto de filtrado suave, suficiente para filtrar la mayor\u00eda de los escombros. Profesional y funcional: el recipiente colador de aceite superior puede almacenar y filtrar aceite, separaci\u00f3n r\u00e1pida del aceite, antigoteo y antifugas. Amplia aplicaci\u00f3n: filtro de aceite de cocina puede aplicarse ampliamente a muchas situaciones, como el hogar, cocina, restaurante, hotel y muchos otros lugares para satisfacer tus necesidades. Materiales aptos para alimentos: la lata de filtro de aceite de cocina est\u00e1 hecha de materiales de acero inoxidable 304 de calidad alimentaria, seguros y respetuosos con el medio ambiente, no t\u00f3xicos e inofensivos. Utensilios de cocina multiusos: este colador de aceite de alta resistencia puede filtrar no solo aceite, sino tambi\u00e9n sopa, jugos, etc., multifuncional para satisfacer tus diversas necesidades.<\/p>\n","protected":false},"excerpt":{"rendered":"<p>Caracter\u00edsticas:<br \/>filtro fino desmontable: el colador de aceite se suministra con un filtro fino desmontable, orificio de filtro fino y uniforme para un efecto de filtrado suave, suficiente para filtrar la mayor\u00eda de los escombros. Profesional y funcional: el recipiente colador de aceite superior puede almacenar y filtrar aceite, separaci\u00f3n r\u00e1pida del aceite, antigoteo y antifugas. Amplia aplicaci\u00f3n: filtro de aceite de cocina puede aplicarse ampliamente a muchas situaciones, como el hogar, cocina, restaurante, hotel y muchos otros lugares para satisfacer tus necesidades. Materiales aptos para alimentos: la lata de filtro de aceite de cocina est\u00e1 hecha de materiales de acero inoxidable 304 de calidad alimentaria, seguros y respetuosos con el medio ambiente, no t\u00f3xicos e inofensivos. Utensilios de cocina multiusos: este colador de aceite de alta resistencia puede filtrar no solo aceite, sino tambi\u00e9n sopa, jugos, etc., multifuncional para satisfacer tus diversas necesidades.<\/p>\n","protected":false},"featured_media":5358,"comment_status":"open","ping_status":"closed","template":"","meta":{"om_disable_all_campaigns":false,"_uag_custom_page_level_css":"","_monsterinsights_skip_tracking":false,"_monsterinsights_sitenote_active":false,"_monsterinsights_sitenote_note":"","_monsterinsights_sitenote_category":0},"product_cat":[254],"product_tag":[],"class_list":{"0":"post-5357","1":"product","2":"type-product","3":"status-publish","4":"has-post-thumbnail","6":"product_cat-bazar","8":"first","9":"instock","10":"shipping-taxable","11":"purchasable","12":"product-type-simple"},"aioseo_notices":[],"jetpack_sharing_enabled":true,"uagb_featured_image_src":{"full":["https:\/\/quasarhomecenter.com\/wp-content\/uploads\/2024\/03\/23688-Banco-de-datos.png",2500,2500,false],"thumbnail":["https:\/\/quasarhomecenter.com\/wp-content\/uploads\/2024\/03\/23688-Banco-de-datos-150x150.png",150,150,true],"medium":["https:\/\/quasarhomecenter.com\/wp-content\/uploads\/2024\/03\/23688-Banco-de-datos-300x300.png",300,300,true],"medium_large":["https:\/\/quasarhomecenter.com\/wp-content\/uploads\/2024\/03\/23688-Banco-de-datos-768x768.png",768,768,true],"large":["https:\/\/quasarhomecenter.com\/wp-content\/uploads\/2024\/03\/23688-Banco-de-datos-1024x1024.png",1024,1024,true],"1536x1536":["https:\/\/quasarhomecenter.com\/wp-content\/uploads\/2024\/03\/23688-Banco-de-datos-1536x1536.png",1536,1536,true],"2048x2048":["https:\/\/quasarhomecenter.com\/wp-content\/uploads\/2024\/03\/23688-Banco-de-datos-2048x2048.png",2048,2048,true],"mailpoet_newsletter_max":["https:\/\/quasarhomecenter.com\/wp-content\/uploads\/2024\/03\/23688-Banco-de-datos-1320x1320.png",1320,1320,true],"woocommerce_thumbnail":["https:\/\/quasarhomecenter.com\/wp-content\/uploads\/2024\/03\/23688-Banco-de-datos-300x300.png",300,300,true],"woocommerce_single":["https:\/\/quasarhomecenter.com\/wp-content\/uploads\/2024\/03\/23688-Banco-de-datos-600x600.png",600,600,true],"woocommerce_gallery_thumbnail":["https:\/\/quasarhomecenter.com\/wp-content\/uploads\/2024\/03\/23688-Banco-de-datos-100x100.png",100,100,true]},"uagb_author_info":{"display_name":"quasarhomecenter.com","author_link":"https:\/\/quasarhomecenter.com\/index.php\/author\/"},"uagb_comment_info":0,"uagb_excerpt":"Caracter\u00edsticas:filtro fino desmontable: el colador de aceite se suministra con un filtro fino desmontable, orificio de filtro fino y uniforme para un efecto de filtrado suave, suficiente para filtrar la mayor\u00eda de los escombros. Profesional y funcional: el recipiente colador de aceite superior puede almacenar y filtrar aceite, separaci\u00f3n r\u00e1pida del aceite, antigoteo y antifugas.&hellip;","_links":{"self":[{"href":"https:\/\/quasarhomecenter.com\/index.php\/wp-json\/wp\/v2\/product\/5357","targetHints":{"allow":["GET"]}}],"collection":[{"href":"https:\/\/quasarhomecenter.com\/index.php\/wp-json\/wp\/v2\/product"}],"about":[{"href":"https:\/\/quasarhomecenter.com\/index.php\/wp-json\/wp\/v2\/types\/product"}],"replies":[{"embeddable":true,"href":"https:\/\/quasarhomecenter.com\/index.php\/wp-json\/wp\/v2\/comments?post=5357"}],"wp:featuredmedia":[{"embeddable":true,"href":"https:\/\/quasarhomecenter.com\/index.php\/wp-json\/wp\/v2\/media\/5358"}],"wp:attachment":[{"href":"https:\/\/quasarhomecenter.com\/index.php\/wp-json\/wp\/v2\/media?parent=5357"}],"wp:term":[{"taxonomy":"product_cat","embeddable":true,"href":"https:\/\/quasarhomecenter.com\/index.php\/wp-json\/wp\/v2\/product_cat?post=5357"},{"taxonomy":"product_tag","embeddable":true,"href":"https:\/\/quasarhomecenter.com\/index.php\/wp-json\/wp\/v2\/product_tag?post=5357"}],"curies":[{"name":"wp","href":"https:\/\/api.w.org\/{rel}","templated":true}]}}