{"id":5399,"date":"2024-03-14T09:58:57","date_gmt":"2024-03-14T12:58:57","guid":{"rendered":"https:\/\/quasarhomecenter.com\/?post_type=product&#038;p=5399"},"modified":"2025-07-15T14:34:29","modified_gmt":"2025-07-15T17:34:29","slug":"pieza-de-gancho-de-tornillo-para-cortina","status":"publish","type":"product","link":"https:\/\/quasarhomecenter.com\/index.php\/product\/pieza-de-gancho-de-tornillo-para-cortina\/","title":{"rendered":"Pieza de gancho de tornillo para cortina"},"content":{"rendered":"<p>Cada gancho tiene un extremo circular, perfecto para proyectos de interior y exterior, en aguanieve, lluvia o humedad.<br \/>F\u00e1cil instalaci\u00f3n a mano. Muy f\u00e1cil girar los ganchos de tornillo en madera, madera contrachapada o paneles de yeso y los puntos de acero muerden r\u00e1pidamente sin pelar y proporcionan la m\u00e1xima resistencia y durabilidad.<br \/>Tornillo de rosca larga para mayor potencia de sujeci\u00f3n.<br \/>Perfecto para colgar de forma segura art\u00edculos ligeros como luces, im\u00e1genes, artes, peque\u00f1os cables de cuerda, cadenas y mucho m\u00e1s.<br \/>Los ganchos de tornillo permanecen en un uso generalizado en la industria de encuadre y tienen muchas aplicaciones fuera del colgante convencional de cuadros.<br \/>Nombre del producto: Ojo de gancho de tornillo<br \/>Modelo: 12#<br \/>Material: Metal<br \/>Color: azul<br \/>Di\u00e1metro de la rosca: 5mm\/0.2inch<br \/>Longitud de la rosca: 15mm\/0.6inch<br \/>Di\u00e1metro del ojal: 0.472 in.<br \/>Di\u00e1metro del ojo: 21mm\/0.8inch<br \/>Tama\u00f1o total: 1.732 x 0.827 x 0.157 in\/1.7 pulgadas x 0.8 pulgadas x 0.16 pulgadas (largo x ancho x alto).<br \/>Peso: 2.79 oz<br \/>Contenido del paquete:<br \/>10 x tornillo gancho ojo<\/p>\n","protected":false},"excerpt":{"rendered":"<p>Cada gancho tiene un extremo circular, perfecto para proyectos de interior y exterior, en aguanieve, lluvia o humedad.<br \/>F\u00e1cil instalaci\u00f3n a mano. Muy f\u00e1cil girar los ganchos de tornillo en madera, madera contrachapada o paneles de yeso y los puntos de acero muerden r\u00e1pidamente sin pelar y proporcionan la m\u00e1xima resistencia y durabilidad.<br \/>Tornillo de rosca larga para mayor potencia de sujeci\u00f3n.<br \/>Perfecto para colgar de forma segura art\u00edculos ligeros como luces, im\u00e1genes, artes, peque\u00f1os cables de cuerda, cadenas y mucho m\u00e1s.<br \/>Los ganchos de tornillo permanecen en un uso generalizado en la industria de encuadre y tienen muchas aplicaciones fuera del colgante convencional de cuadros.<br \/>Nombre del producto: Ojo de gancho de tornillo<br \/>Modelo: 12#<br \/>Material: Metal<br \/>Color: azul<br \/>Di\u00e1metro de la rosca: 5mm\/0.2inch<br \/>Longitud de la rosca: 15mm\/0.6inch<br \/>Di\u00e1metro del ojal: 0.472 in.<br \/>Di\u00e1metro del ojo: 21mm\/0.8inch<br \/>Tama\u00f1o total: 1.732 x 0.827 x 0.157 in\/1.7 pulgadas x 0.8 pulgadas x 0.16 pulgadas (largo x ancho x alto).<br \/>Peso: 2.79 oz<br \/>Contenido del paquete:<br \/>10 x tornillo gancho ojo<\/p>\n","protected":false},"featured_media":5400,"comment_status":"open","ping_status":"closed","template":"","meta":{"om_disable_all_campaigns":false,"_uag_custom_page_level_css":"","_monsterinsights_skip_tracking":false,"_monsterinsights_sitenote_active":false,"_monsterinsights_sitenote_note":"","_monsterinsights_sitenote_category":0},"product_cat":[159,37],"product_tag":[],"class_list":{"0":"post-5399","1":"product","2":"type-product","3":"status-publish","4":"has-post-thumbnail","6":"product_cat-construccion","7":"product_cat-carpinteria","9":"first","10":"instock","11":"shipping-taxable","12":"product-type-simple"},"aioseo_notices":[],"jetpack_sharing_enabled":true,"uagb_featured_image_src":{"full":["https:\/\/quasarhomecenter.com\/wp-content\/uploads\/2024\/03\/23408-Banco-de-datos.png",2565,2565,false],"thumbnail":["https:\/\/quasarhomecenter.com\/wp-content\/uploads\/2024\/03\/23408-Banco-de-datos-150x150.png",150,150,true],"medium":["https:\/\/quasarhomecenter.com\/wp-content\/uploads\/2024\/03\/23408-Banco-de-datos-300x300.png",300,300,true],"medium_large":["https:\/\/quasarhomecenter.com\/wp-content\/uploads\/2024\/03\/23408-Banco-de-datos-768x768.png",768,768,true],"large":["https:\/\/quasarhomecenter.com\/wp-content\/uploads\/2024\/03\/23408-Banco-de-datos-1024x1024.png",1024,1024,true],"1536x1536":["https:\/\/quasarhomecenter.com\/wp-content\/uploads\/2024\/03\/23408-Banco-de-datos-1536x1536.png",1536,1536,true],"2048x2048":["https:\/\/quasarhomecenter.com\/wp-content\/uploads\/2024\/03\/23408-Banco-de-datos-2048x2048.png",2048,2048,true],"mailpoet_newsletter_max":["https:\/\/quasarhomecenter.com\/wp-content\/uploads\/2024\/03\/23408-Banco-de-datos-1320x1320.png",1320,1320,true],"woocommerce_thumbnail":["https:\/\/quasarhomecenter.com\/wp-content\/uploads\/2024\/03\/23408-Banco-de-datos-300x300.png",300,300,true],"woocommerce_single":["https:\/\/quasarhomecenter.com\/wp-content\/uploads\/2024\/03\/23408-Banco-de-datos-600x600.png",600,600,true],"woocommerce_gallery_thumbnail":["https:\/\/quasarhomecenter.com\/wp-content\/uploads\/2024\/03\/23408-Banco-de-datos-100x100.png",100,100,true]},"uagb_author_info":{"display_name":"quasarhomecenter.com","author_link":"https:\/\/quasarhomecenter.com\/index.php\/author\/"},"uagb_comment_info":0,"uagb_excerpt":"Cada gancho tiene un extremo circular, perfecto para proyectos de interior y exterior, en aguanieve, lluvia o humedad.F\u00e1cil instalaci\u00f3n a mano. Muy f\u00e1cil girar los ganchos de tornillo en madera, madera contrachapada o paneles de yeso y los puntos de acero muerden r\u00e1pidamente sin pelar y proporcionan la m\u00e1xima resistencia y durabilidad.Tornillo de rosca larga&hellip;","_links":{"self":[{"href":"https:\/\/quasarhomecenter.com\/index.php\/wp-json\/wp\/v2\/product\/5399","targetHints":{"allow":["GET"]}}],"collection":[{"href":"https:\/\/quasarhomecenter.com\/index.php\/wp-json\/wp\/v2\/product"}],"about":[{"href":"https:\/\/quasarhomecenter.com\/index.php\/wp-json\/wp\/v2\/types\/product"}],"replies":[{"embeddable":true,"href":"https:\/\/quasarhomecenter.com\/index.php\/wp-json\/wp\/v2\/comments?post=5399"}],"wp:featuredmedia":[{"embeddable":true,"href":"https:\/\/quasarhomecenter.com\/index.php\/wp-json\/wp\/v2\/media\/5400"}],"wp:attachment":[{"href":"https:\/\/quasarhomecenter.com\/index.php\/wp-json\/wp\/v2\/media?parent=5399"}],"wp:term":[{"taxonomy":"product_cat","embeddable":true,"href":"https:\/\/quasarhomecenter.com\/index.php\/wp-json\/wp\/v2\/product_cat?post=5399"},{"taxonomy":"product_tag","embeddable":true,"href":"https:\/\/quasarhomecenter.com\/index.php\/wp-json\/wp\/v2\/product_tag?post=5399"}],"curies":[{"name":"wp","href":"https:\/\/api.w.org\/{rel}","templated":true}]}}