{"id":5905,"date":"2024-04-08T09:26:44","date_gmt":"2024-04-08T12:26:44","guid":{"rendered":"https:\/\/quasarhomecenter.com\/?post_type=product&#038;p=5905"},"modified":"2024-07-15T11:12:03","modified_gmt":"2024-07-15T14:12:03","slug":"piso-flotante-proximamente","status":"publish","type":"product","link":"https:\/\/quasarhomecenter.com\/index.php\/product\/piso-flotante-proximamente\/","title":{"rendered":"Piso Flotante SPC Sistema Click"},"content":{"rendered":"<p>Piso Flotante SPC sistema click con goma inclu\u00edda.<br \/>Precio por placa <br \/>Medidas: 1,22 mts x 18 cm x 5,5 mm espesor<br \/>F\u00e1cil y r\u00e1pida instalaci\u00f3n sin necesidad de materiales extra<\/p>\n","protected":false},"excerpt":{"rendered":"<p>Piso Flotante SPC sistema click<\/p>\n","protected":false},"featured_media":6810,"comment_status":"open","ping_status":"closed","template":"","meta":{"om_disable_all_campaigns":false,"_uag_custom_page_level_css":"","_monsterinsights_skip_tracking":false,"_monsterinsights_sitenote_active":false,"_monsterinsights_sitenote_note":"","_monsterinsights_sitenote_category":0},"product_cat":[159,318],"product_tag":[319],"class_list":{"0":"post-5905","1":"product","2":"type-product","3":"status-publish","4":"has-post-thumbnail","6":"product_cat-construccion","7":"product_cat-pisos-flotantes","8":"product_tag-pisos-flotantes","10":"first","11":"instock","12":"shipping-taxable","13":"purchasable","14":"product-type-variable","15":"has-default-attributes"},"aioseo_notices":[],"jetpack_sharing_enabled":true,"uagb_featured_image_src":{"full":["https:\/\/quasarhomecenter.com\/wp-content\/uploads\/2024\/07\/Piso-flotante-clasico-o-piso-spc-vinilico-cual-elegir.jpg",1280,500,false],"thumbnail":["https:\/\/quasarhomecenter.com\/wp-content\/uploads\/2024\/07\/Piso-flotante-clasico-o-piso-spc-vinilico-cual-elegir-150x150.jpg",150,150,true],"medium":["https:\/\/quasarhomecenter.com\/wp-content\/uploads\/2024\/07\/Piso-flotante-clasico-o-piso-spc-vinilico-cual-elegir-300x117.jpg",300,117,true],"medium_large":["https:\/\/quasarhomecenter.com\/wp-content\/uploads\/2024\/07\/Piso-flotante-clasico-o-piso-spc-vinilico-cual-elegir-768x300.jpg",768,300,true],"large":["https:\/\/quasarhomecenter.com\/wp-content\/uploads\/2024\/07\/Piso-flotante-clasico-o-piso-spc-vinilico-cual-elegir-1024x400.jpg",1024,400,true],"1536x1536":["https:\/\/quasarhomecenter.com\/wp-content\/uploads\/2024\/07\/Piso-flotante-clasico-o-piso-spc-vinilico-cual-elegir.jpg",1280,500,false],"2048x2048":["https:\/\/quasarhomecenter.com\/wp-content\/uploads\/2024\/07\/Piso-flotante-clasico-o-piso-spc-vinilico-cual-elegir.jpg",1280,500,false],"mailpoet_newsletter_max":["https:\/\/quasarhomecenter.com\/wp-content\/uploads\/2024\/07\/Piso-flotante-clasico-o-piso-spc-vinilico-cual-elegir.jpg",1280,500,false],"woocommerce_thumbnail":["https:\/\/quasarhomecenter.com\/wp-content\/uploads\/2024\/07\/Piso-flotante-clasico-o-piso-spc-vinilico-cual-elegir-300x300.jpg",300,300,true],"woocommerce_single":["https:\/\/quasarhomecenter.com\/wp-content\/uploads\/2024\/07\/Piso-flotante-clasico-o-piso-spc-vinilico-cual-elegir-600x234.jpg",600,234,true],"woocommerce_gallery_thumbnail":["https:\/\/quasarhomecenter.com\/wp-content\/uploads\/2024\/07\/Piso-flotante-clasico-o-piso-spc-vinilico-cual-elegir-100x100.jpg",100,100,true]},"uagb_author_info":{"display_name":"quasarhomecenter.com","author_link":"https:\/\/quasarhomecenter.com\/index.php\/author\/"},"uagb_comment_info":0,"uagb_excerpt":"Piso Flotante SPC sistema click","_links":{"self":[{"href":"https:\/\/quasarhomecenter.com\/index.php\/wp-json\/wp\/v2\/product\/5905","targetHints":{"allow":["GET"]}}],"collection":[{"href":"https:\/\/quasarhomecenter.com\/index.php\/wp-json\/wp\/v2\/product"}],"about":[{"href":"https:\/\/quasarhomecenter.com\/index.php\/wp-json\/wp\/v2\/types\/product"}],"replies":[{"embeddable":true,"href":"https:\/\/quasarhomecenter.com\/index.php\/wp-json\/wp\/v2\/comments?post=5905"}],"wp:featuredmedia":[{"embeddable":true,"href":"https:\/\/quasarhomecenter.com\/index.php\/wp-json\/wp\/v2\/media\/6810"}],"wp:attachment":[{"href":"https:\/\/quasarhomecenter.com\/index.php\/wp-json\/wp\/v2\/media?parent=5905"}],"wp:term":[{"taxonomy":"product_cat","embeddable":true,"href":"https:\/\/quasarhomecenter.com\/index.php\/wp-json\/wp\/v2\/product_cat?post=5905"},{"taxonomy":"product_tag","embeddable":true,"href":"https:\/\/quasarhomecenter.com\/index.php\/wp-json\/wp\/v2\/product_tag?post=5905"}],"curies":[{"name":"wp","href":"https:\/\/api.w.org\/{rel}","templated":true}]}}