{"id":5966,"date":"2024-04-11T09:57:48","date_gmt":"2024-04-11T12:57:48","guid":{"rendered":"https:\/\/quasarhomecenter.com\/?post_type=product&#038;p=5966"},"modified":"2024-04-11T09:58:31","modified_gmt":"2024-04-11T12:58:31","slug":"bicicleta-r-26-3","status":"publish","type":"product","link":"https:\/\/quasarhomecenter.com\/index.php\/product\/bicicleta-r-26-3\/","title":{"rendered":"Bicicleta R 26"},"content":{"rendered":"<p>Modelo: Mountain Bike<br \/>Doble Freno de Disco<br \/>21 Cambios<br \/>Transmisi\u00f3n Shimano<br \/>Suspensi\u00f3n Telesc\u00f3pica<br \/>C\u00f3digo: 18469<\/p>\n","protected":false},"excerpt":{"rendered":"<p>Modelo: Mountain Bike<br \/>Doble Freno de Disco<br \/>21 Cambios<br \/>Transmisi\u00f3n Shimano<br \/>Suspensi\u00f3n Telesc\u00f3pica<br \/>C\u00f3digo: 18469<\/p>\n","protected":false},"featured_media":5967,"comment_status":"open","ping_status":"closed","template":"","meta":{"om_disable_all_campaigns":false,"_uag_custom_page_level_css":"","_monsterinsights_skip_tracking":false,"_monsterinsights_sitenote_active":false,"_monsterinsights_sitenote_note":"","_monsterinsights_sitenote_category":0},"product_cat":[293,36],"product_tag":[],"class_list":{"0":"post-5966","1":"product","2":"type-product","3":"status-publish","4":"has-post-thumbnail","6":"product_cat-rodado-26","7":"product_cat-bicicletas","9":"first","10":"instock","11":"shipping-taxable","12":"purchasable","13":"product-type-simple"},"aioseo_notices":[],"jetpack_sharing_enabled":true,"uagb_featured_image_src":{"full":["https:\/\/quasarhomecenter.com\/wp-content\/uploads\/2024\/04\/image-removebg-preview-12.png",623,400,false],"thumbnail":["https:\/\/quasarhomecenter.com\/wp-content\/uploads\/2024\/04\/image-removebg-preview-12-150x150.png",150,150,true],"medium":["https:\/\/quasarhomecenter.com\/wp-content\/uploads\/2024\/04\/image-removebg-preview-12-300x193.png",300,193,true],"medium_large":["https:\/\/quasarhomecenter.com\/wp-content\/uploads\/2024\/04\/image-removebg-preview-12.png",623,400,false],"large":["https:\/\/quasarhomecenter.com\/wp-content\/uploads\/2024\/04\/image-removebg-preview-12.png",623,400,false],"1536x1536":["https:\/\/quasarhomecenter.com\/wp-content\/uploads\/2024\/04\/image-removebg-preview-12.png",623,400,false],"2048x2048":["https:\/\/quasarhomecenter.com\/wp-content\/uploads\/2024\/04\/image-removebg-preview-12.png",623,400,false],"mailpoet_newsletter_max":["https:\/\/quasarhomecenter.com\/wp-content\/uploads\/2024\/04\/image-removebg-preview-12.png",623,400,false],"woocommerce_thumbnail":["https:\/\/quasarhomecenter.com\/wp-content\/uploads\/2024\/04\/image-removebg-preview-12-300x300.png",300,300,true],"woocommerce_single":["https:\/\/quasarhomecenter.com\/wp-content\/uploads\/2024\/04\/image-removebg-preview-12-600x385.png",600,385,true],"woocommerce_gallery_thumbnail":["https:\/\/quasarhomecenter.com\/wp-content\/uploads\/2024\/04\/image-removebg-preview-12-100x100.png",100,100,true]},"uagb_author_info":{"display_name":"quasarhomecenter.com","author_link":"https:\/\/quasarhomecenter.com\/index.php\/author\/"},"uagb_comment_info":0,"uagb_excerpt":"Modelo: Mountain BikeDoble Freno de Disco21 CambiosTransmisi\u00f3n ShimanoSuspensi\u00f3n Telesc\u00f3picaC\u00f3digo: 18469","_links":{"self":[{"href":"https:\/\/quasarhomecenter.com\/index.php\/wp-json\/wp\/v2\/product\/5966","targetHints":{"allow":["GET"]}}],"collection":[{"href":"https:\/\/quasarhomecenter.com\/index.php\/wp-json\/wp\/v2\/product"}],"about":[{"href":"https:\/\/quasarhomecenter.com\/index.php\/wp-json\/wp\/v2\/types\/product"}],"replies":[{"embeddable":true,"href":"https:\/\/quasarhomecenter.com\/index.php\/wp-json\/wp\/v2\/comments?post=5966"}],"wp:featuredmedia":[{"embeddable":true,"href":"https:\/\/quasarhomecenter.com\/index.php\/wp-json\/wp\/v2\/media\/5967"}],"wp:attachment":[{"href":"https:\/\/quasarhomecenter.com\/index.php\/wp-json\/wp\/v2\/media?parent=5966"}],"wp:term":[{"taxonomy":"product_cat","embeddable":true,"href":"https:\/\/quasarhomecenter.com\/index.php\/wp-json\/wp\/v2\/product_cat?post=5966"},{"taxonomy":"product_tag","embeddable":true,"href":"https:\/\/quasarhomecenter.com\/index.php\/wp-json\/wp\/v2\/product_tag?post=5966"}],"curies":[{"name":"wp","href":"https:\/\/api.w.org\/{rel}","templated":true}]}}