{"id":5980,"date":"2024-04-11T10:16:08","date_gmt":"2024-04-11T13:16:08","guid":{"rendered":"https:\/\/quasarhomecenter.com\/?post_type=product&#038;p=5980"},"modified":"2024-04-11T10:18:49","modified_gmt":"2024-04-11T13:18:49","slug":"bicicleta-trial-mountain-bike-advantage-r26","status":"publish","type":"product","link":"https:\/\/quasarhomecenter.com\/index.php\/product\/bicicleta-trial-mountain-bike-advantage-r26\/","title":{"rendered":"Bicicleta Trial Mountain Bike Advantage R26"},"content":{"rendered":"<p>Caracter\u00edsticas:<br \/>Marco: Trial<br \/>Cambios: 21<br \/>Cuadro: Acero HI-TEN geometr\u00eda MTB tubos over<br \/>de di\u00e1metro progresivo<br \/>Horquilla: Con suspensi\u00f3n mec\u00e1nica de resortes<br \/>y soporte para disk brake<br \/>Manubrio: Acero MTB 610mm. Con barra central de refuerzo<br \/>Pu\u00f1os: Extra Soft. Ergon\u00f3mico<br \/>Avance: A-head acero<br \/>Direcci\u00f3n: Acero con bolilleros<br \/>Engranaje: 28\/38\/48 dts. con palancas 170mm<br \/>Con disco cubre plato<br \/>Pi\u00f1on: 7 velocidades 14\/28 dts. Index<br \/>Descarrilador: Fricci\u00f3n MTB de tiro superior<br \/>Freno de disco mec\u00e1nico delantero<br \/>Freno de disco mec\u00e1nico trasero<br \/>Maza delantera: Acero 36 ag. para disk brake<br \/>Maza trasera: Acero 36 ag<br \/>Rayos: Acero 14g<br \/>Niples: Acero 14g<br \/>Llantas Acero 26&#215;1,75<br \/>Cubiertas Akano F158 26&#215;2,125<br \/>C\u00e1maras 26&#215;2,125 v\/a<br \/>Asiento: Ergon\u00f3mico<br \/>Ca\u00f1o asiento: Acero 25,6mm<br \/>Cierre asiento: Ajustable r\u00e1pido aluminio M6<br \/>Codigo:19078<\/p>\n","protected":false},"excerpt":{"rendered":"<p>Caracter\u00edsticas:<br \/>Marco: Trial<br \/>Cambios: 21<br \/>Cuadro: Acero HI-TEN geometr\u00eda MTB tubos over<br \/>de di\u00e1metro progresivo<br \/>Horquilla: Con suspensi\u00f3n mec\u00e1nica de resortes<br \/>y soporte para disk brake<br \/>Manubrio: Acero MTB 610mm. Con barra central de refuerzo<br \/>Pu\u00f1os: Extra Soft. Ergon\u00f3mico<br \/>Avance: A-head acero<br \/>Direcci\u00f3n: Acero con bolilleros<br \/>Engranaje: 28\/38\/48 dts. con palancas 170mm<br \/>Con disco cubre plato<br \/>Pi\u00f1on: 7 velocidades 14\/28 dts. Index<br \/>Descarrilador: Fricci\u00f3n MTB de tiro superior<br \/>Freno de disco mec\u00e1nico delantero<br \/>Freno de disco mec\u00e1nico trasero<br \/>Maza delantera: Acero 36 ag. para disk brake<br \/>Maza trasera: Acero 36 ag<br \/>Rayos: Acero 14g<br \/>Niples: Acero 14g<br \/>Llantas Acero 26&#215;1,75<br \/>Cubiertas Akano F158 26&#215;2,125<br \/>C\u00e1maras 26&#215;2,125 v\/a<br \/>Asiento: Ergon\u00f3mico<br \/>Ca\u00f1o asiento: Acero 25,6mm<br \/>Cierre asiento: Ajustable r\u00e1pido aluminio M6<br \/>Codigo:19078<\/p>\n","protected":false},"featured_media":5981,"comment_status":"open","ping_status":"closed","template":"","meta":{"om_disable_all_campaigns":false,"_uag_custom_page_level_css":"","_monsterinsights_skip_tracking":false,"_monsterinsights_sitenote_active":false,"_monsterinsights_sitenote_note":"","_monsterinsights_sitenote_category":0},"product_cat":[293,36],"product_tag":[],"class_list":{"0":"post-5980","1":"product","2":"type-product","3":"status-publish","4":"has-post-thumbnail","6":"product_cat-rodado-26","7":"product_cat-bicicletas","9":"first","10":"instock","11":"shipping-taxable","12":"purchasable","13":"product-type-simple"},"aioseo_notices":[],"jetpack_sharing_enabled":true,"uagb_featured_image_src":{"full":["https:\/\/quasarhomecenter.com\/wp-content\/uploads\/2024\/04\/image-removebg-preview-20.png",627,375,false],"thumbnail":["https:\/\/quasarhomecenter.com\/wp-content\/uploads\/2024\/04\/image-removebg-preview-20-150x150.png",150,150,true],"medium":["https:\/\/quasarhomecenter.com\/wp-content\/uploads\/2024\/04\/image-removebg-preview-20-300x179.png",300,179,true],"medium_large":["https:\/\/quasarhomecenter.com\/wp-content\/uploads\/2024\/04\/image-removebg-preview-20.png",627,375,false],"large":["https:\/\/quasarhomecenter.com\/wp-content\/uploads\/2024\/04\/image-removebg-preview-20.png",627,375,false],"1536x1536":["https:\/\/quasarhomecenter.com\/wp-content\/uploads\/2024\/04\/image-removebg-preview-20.png",627,375,false],"2048x2048":["https:\/\/quasarhomecenter.com\/wp-content\/uploads\/2024\/04\/image-removebg-preview-20.png",627,375,false],"mailpoet_newsletter_max":["https:\/\/quasarhomecenter.com\/wp-content\/uploads\/2024\/04\/image-removebg-preview-20.png",627,375,false],"woocommerce_thumbnail":["https:\/\/quasarhomecenter.com\/wp-content\/uploads\/2024\/04\/image-removebg-preview-20-300x300.png",300,300,true],"woocommerce_single":["https:\/\/quasarhomecenter.com\/wp-content\/uploads\/2024\/04\/image-removebg-preview-20-600x359.png",600,359,true],"woocommerce_gallery_thumbnail":["https:\/\/quasarhomecenter.com\/wp-content\/uploads\/2024\/04\/image-removebg-preview-20-100x100.png",100,100,true]},"uagb_author_info":{"display_name":"quasarhomecenter.com","author_link":"https:\/\/quasarhomecenter.com\/index.php\/author\/"},"uagb_comment_info":0,"uagb_excerpt":"Caracter\u00edsticas:Marco: TrialCambios: 21Cuadro: Acero HI-TEN geometr\u00eda MTB tubos overde di\u00e1metro progresivoHorquilla: Con suspensi\u00f3n mec\u00e1nica de resortesy soporte para disk brakeManubrio: Acero MTB 610mm. Con barra central de refuerzoPu\u00f1os: Extra Soft. Ergon\u00f3micoAvance: A-head aceroDirecci\u00f3n: Acero con bolillerosEngranaje: 28\/38\/48 dts. con palancas 170mmCon disco cubre platoPi\u00f1on: 7 velocidades 14\/28 dts. IndexDescarrilador: Fricci\u00f3n MTB de tiro superiorFreno de&hellip;","_links":{"self":[{"href":"https:\/\/quasarhomecenter.com\/index.php\/wp-json\/wp\/v2\/product\/5980","targetHints":{"allow":["GET"]}}],"collection":[{"href":"https:\/\/quasarhomecenter.com\/index.php\/wp-json\/wp\/v2\/product"}],"about":[{"href":"https:\/\/quasarhomecenter.com\/index.php\/wp-json\/wp\/v2\/types\/product"}],"replies":[{"embeddable":true,"href":"https:\/\/quasarhomecenter.com\/index.php\/wp-json\/wp\/v2\/comments?post=5980"}],"wp:featuredmedia":[{"embeddable":true,"href":"https:\/\/quasarhomecenter.com\/index.php\/wp-json\/wp\/v2\/media\/5981"}],"wp:attachment":[{"href":"https:\/\/quasarhomecenter.com\/index.php\/wp-json\/wp\/v2\/media?parent=5980"}],"wp:term":[{"taxonomy":"product_cat","embeddable":true,"href":"https:\/\/quasarhomecenter.com\/index.php\/wp-json\/wp\/v2\/product_cat?post=5980"},{"taxonomy":"product_tag","embeddable":true,"href":"https:\/\/quasarhomecenter.com\/index.php\/wp-json\/wp\/v2\/product_tag?post=5980"}],"curies":[{"name":"wp","href":"https:\/\/api.w.org\/{rel}","templated":true}]}}