{"id":6187,"date":"2024-04-21T12:24:05","date_gmt":"2024-04-21T15:24:05","guid":{"rendered":"https:\/\/quasarhomecenter.com\/?post_type=product&#038;p=6187"},"modified":"2024-04-21T12:25:30","modified_gmt":"2024-04-21T15:25:30","slug":"lampara-led-eco-7w-luz-fria-luz-calida","status":"publish","type":"product","link":"https:\/\/quasarhomecenter.com\/index.php\/product\/lampara-led-eco-7w-luz-fria-luz-calida\/","title":{"rendered":"Lampara LED Eco 7W \/  Luz fr\u00eda \/  Luz calida"},"content":{"rendered":"<p>Modelo: 7W &#8211; Luz fr\u00eda<br \/>C\u00f3digo: 18059<br \/>Modelo: 7w &#8211; Luz calida<br \/>C\u00f3digo: 18060<\/p>\n","protected":false},"excerpt":{"rendered":"<p>Modelo: 7W &#8211; Luz fr\u00eda<br \/>C\u00f3digo: 18059<br \/>Modelo: 7w &#8211; Luz calida<br \/>C\u00f3digo: 18060<\/p>\n","protected":false},"featured_media":6188,"comment_status":"open","ping_status":"closed","template":"","meta":{"om_disable_all_campaigns":false,"_uag_custom_page_level_css":"","_monsterinsights_skip_tracking":false,"_monsterinsights_sitenote_active":false,"_monsterinsights_sitenote_note":"","_monsterinsights_sitenote_category":0},"product_cat":[330,33],"product_tag":[],"class_list":{"0":"post-6187","1":"product","2":"type-product","3":"status-publish","4":"has-post-thumbnail","6":"product_cat-lamparas","7":"product_cat-iluminacion","9":"first","10":"instock","11":"shipping-taxable","12":"purchasable","13":"product-type-simple"},"aioseo_notices":[],"jetpack_sharing_enabled":true,"uagb_featured_image_src":{"full":["https:\/\/quasarhomecenter.com\/wp-content\/uploads\/2024\/04\/image-removebg-preview-73-2.png",441,323,false],"thumbnail":["https:\/\/quasarhomecenter.com\/wp-content\/uploads\/2024\/04\/image-removebg-preview-73-2-150x150.png",150,150,true],"medium":["https:\/\/quasarhomecenter.com\/wp-content\/uploads\/2024\/04\/image-removebg-preview-73-2-300x220.png",300,220,true],"medium_large":["https:\/\/quasarhomecenter.com\/wp-content\/uploads\/2024\/04\/image-removebg-preview-73-2.png",441,323,false],"large":["https:\/\/quasarhomecenter.com\/wp-content\/uploads\/2024\/04\/image-removebg-preview-73-2.png",441,323,false],"1536x1536":["https:\/\/quasarhomecenter.com\/wp-content\/uploads\/2024\/04\/image-removebg-preview-73-2.png",441,323,false],"2048x2048":["https:\/\/quasarhomecenter.com\/wp-content\/uploads\/2024\/04\/image-removebg-preview-73-2.png",441,323,false],"mailpoet_newsletter_max":["https:\/\/quasarhomecenter.com\/wp-content\/uploads\/2024\/04\/image-removebg-preview-73-2.png",441,323,false],"woocommerce_thumbnail":["https:\/\/quasarhomecenter.com\/wp-content\/uploads\/2024\/04\/image-removebg-preview-73-2-300x300.png",300,300,true],"woocommerce_single":["https:\/\/quasarhomecenter.com\/wp-content\/uploads\/2024\/04\/image-removebg-preview-73-2.png",441,323,false],"woocommerce_gallery_thumbnail":["https:\/\/quasarhomecenter.com\/wp-content\/uploads\/2024\/04\/image-removebg-preview-73-2-100x100.png",100,100,true]},"uagb_author_info":{"display_name":"quasarhomecenter.com","author_link":"https:\/\/quasarhomecenter.com\/index.php\/author\/"},"uagb_comment_info":0,"uagb_excerpt":"Modelo: 7W - Luz fr\u00edaC\u00f3digo: 18059Modelo: 7w - Luz calidaC\u00f3digo: 18060","_links":{"self":[{"href":"https:\/\/quasarhomecenter.com\/index.php\/wp-json\/wp\/v2\/product\/6187","targetHints":{"allow":["GET"]}}],"collection":[{"href":"https:\/\/quasarhomecenter.com\/index.php\/wp-json\/wp\/v2\/product"}],"about":[{"href":"https:\/\/quasarhomecenter.com\/index.php\/wp-json\/wp\/v2\/types\/product"}],"replies":[{"embeddable":true,"href":"https:\/\/quasarhomecenter.com\/index.php\/wp-json\/wp\/v2\/comments?post=6187"}],"wp:featuredmedia":[{"embeddable":true,"href":"https:\/\/quasarhomecenter.com\/index.php\/wp-json\/wp\/v2\/media\/6188"}],"wp:attachment":[{"href":"https:\/\/quasarhomecenter.com\/index.php\/wp-json\/wp\/v2\/media?parent=6187"}],"wp:term":[{"taxonomy":"product_cat","embeddable":true,"href":"https:\/\/quasarhomecenter.com\/index.php\/wp-json\/wp\/v2\/product_cat?post=6187"},{"taxonomy":"product_tag","embeddable":true,"href":"https:\/\/quasarhomecenter.com\/index.php\/wp-json\/wp\/v2\/product_tag?post=6187"}],"curies":[{"name":"wp","href":"https:\/\/api.w.org\/{rel}","templated":true}]}}