{"id":6201,"date":"2024-04-23T09:20:41","date_gmt":"2024-04-23T12:20:41","guid":{"rendered":"https:\/\/quasarhomecenter.com\/?post_type=product&#038;p=6201"},"modified":"2024-04-23T09:21:47","modified_gmt":"2024-04-23T12:21:47","slug":"lampara-led-ufo-18w-luz-fria-o-luz-calida","status":"publish","type":"product","link":"https:\/\/quasarhomecenter.com\/index.php\/product\/lampara-led-ufo-18w-luz-fria-o-luz-calida\/","title":{"rendered":"Lampara Led UFO 18w luz fr\u00eda o luz calida"},"content":{"rendered":"<p>Modelo: 18w luz calida<br \/>C\u00f3digo: 18056<br \/>Modelo: 18w luz fr\u00eda<br \/>C\u00f3digo: 18057<\/p>\n","protected":false},"excerpt":{"rendered":"<p>Modelo: 18w luz calida<br \/>C\u00f3digo: 18056<br \/>Modelo: 18w luz fr\u00eda<br \/>C\u00f3digo: 18057<\/p>\n","protected":false},"featured_media":6202,"comment_status":"open","ping_status":"closed","template":"","meta":{"om_disable_all_campaigns":false,"_uag_custom_page_level_css":"","_monsterinsights_skip_tracking":false,"_monsterinsights_sitenote_active":false,"_monsterinsights_sitenote_note":"","_monsterinsights_sitenote_category":0},"product_cat":[330,33],"product_tag":[],"class_list":{"0":"post-6201","1":"product","2":"type-product","3":"status-publish","4":"has-post-thumbnail","6":"product_cat-lamparas","7":"product_cat-iluminacion","9":"first","10":"instock","11":"shipping-taxable","12":"purchasable","13":"product-type-simple"},"aioseo_notices":[],"jetpack_sharing_enabled":true,"uagb_featured_image_src":{"full":["https:\/\/quasarhomecenter.com\/wp-content\/uploads\/2024\/04\/image-removebg-preview-80.png",394,350,false],"thumbnail":["https:\/\/quasarhomecenter.com\/wp-content\/uploads\/2024\/04\/image-removebg-preview-80-150x150.png",150,150,true],"medium":["https:\/\/quasarhomecenter.com\/wp-content\/uploads\/2024\/04\/image-removebg-preview-80-300x266.png",300,266,true],"medium_large":["https:\/\/quasarhomecenter.com\/wp-content\/uploads\/2024\/04\/image-removebg-preview-80.png",394,350,false],"large":["https:\/\/quasarhomecenter.com\/wp-content\/uploads\/2024\/04\/image-removebg-preview-80.png",394,350,false],"1536x1536":["https:\/\/quasarhomecenter.com\/wp-content\/uploads\/2024\/04\/image-removebg-preview-80.png",394,350,false],"2048x2048":["https:\/\/quasarhomecenter.com\/wp-content\/uploads\/2024\/04\/image-removebg-preview-80.png",394,350,false],"mailpoet_newsletter_max":["https:\/\/quasarhomecenter.com\/wp-content\/uploads\/2024\/04\/image-removebg-preview-80.png",394,350,false],"woocommerce_thumbnail":["https:\/\/quasarhomecenter.com\/wp-content\/uploads\/2024\/04\/image-removebg-preview-80-300x300.png",300,300,true],"woocommerce_single":["https:\/\/quasarhomecenter.com\/wp-content\/uploads\/2024\/04\/image-removebg-preview-80.png",394,350,false],"woocommerce_gallery_thumbnail":["https:\/\/quasarhomecenter.com\/wp-content\/uploads\/2024\/04\/image-removebg-preview-80-100x100.png",100,100,true]},"uagb_author_info":{"display_name":"quasarhomecenter.com","author_link":"https:\/\/quasarhomecenter.com\/index.php\/author\/"},"uagb_comment_info":0,"uagb_excerpt":"Modelo: 18w luz calidaC\u00f3digo: 18056Modelo: 18w luz fr\u00edaC\u00f3digo: 18057","_links":{"self":[{"href":"https:\/\/quasarhomecenter.com\/index.php\/wp-json\/wp\/v2\/product\/6201","targetHints":{"allow":["GET"]}}],"collection":[{"href":"https:\/\/quasarhomecenter.com\/index.php\/wp-json\/wp\/v2\/product"}],"about":[{"href":"https:\/\/quasarhomecenter.com\/index.php\/wp-json\/wp\/v2\/types\/product"}],"replies":[{"embeddable":true,"href":"https:\/\/quasarhomecenter.com\/index.php\/wp-json\/wp\/v2\/comments?post=6201"}],"wp:featuredmedia":[{"embeddable":true,"href":"https:\/\/quasarhomecenter.com\/index.php\/wp-json\/wp\/v2\/media\/6202"}],"wp:attachment":[{"href":"https:\/\/quasarhomecenter.com\/index.php\/wp-json\/wp\/v2\/media?parent=6201"}],"wp:term":[{"taxonomy":"product_cat","embeddable":true,"href":"https:\/\/quasarhomecenter.com\/index.php\/wp-json\/wp\/v2\/product_cat?post=6201"},{"taxonomy":"product_tag","embeddable":true,"href":"https:\/\/quasarhomecenter.com\/index.php\/wp-json\/wp\/v2\/product_tag?post=6201"}],"curies":[{"name":"wp","href":"https:\/\/api.w.org\/{rel}","templated":true}]}}