{"id":6625,"date":"2024-05-05T12:05:48","date_gmt":"2024-05-05T15:05:48","guid":{"rendered":"https:\/\/quasarhomecenter.com\/?post_type=product&#038;p=6625"},"modified":"2024-05-05T12:07:00","modified_gmt":"2024-05-05T15:07:00","slug":"tripode-metalico-con-tejido","status":"publish","type":"product","link":"https:\/\/quasarhomecenter.com\/index.php\/product\/tripode-metalico-con-tejido\/","title":{"rendered":"Tr\u00edpode  Met\u00e1lico con tejido"},"content":{"rendered":"<p>Modelo: Met\u00e1lico con tejido<br \/>Altura: 67cm<br \/>C\u00f3digo: 3242<\/p>\n","protected":false},"excerpt":{"rendered":"<p>Modelo: Met\u00e1lico con tejido<br \/>Altura: 67cm<br \/>C\u00f3digo: 3242<\/p>\n","protected":false},"featured_media":6626,"comment_status":"open","ping_status":"closed","template":"","meta":{"om_disable_all_campaigns":false,"_uag_custom_page_level_css":"","_monsterinsights_skip_tracking":false,"_monsterinsights_sitenote_active":false,"_monsterinsights_sitenote_note":"","_monsterinsights_sitenote_category":0},"product_cat":[338,31],"product_tag":[],"class_list":{"0":"post-6625","1":"product","2":"type-product","3":"status-publish","4":"has-post-thumbnail","6":"product_cat-portaflores-artesanales","7":"product_cat-decoracion","9":"first","10":"instock","11":"shipping-taxable","12":"purchasable","13":"product-type-simple"},"aioseo_notices":[],"jetpack_sharing_enabled":true,"uagb_featured_image_src":{"full":["https:\/\/quasarhomecenter.com\/wp-content\/uploads\/2024\/05\/image-removebg-preview-81.png",102,237,false],"thumbnail":["https:\/\/quasarhomecenter.com\/wp-content\/uploads\/2024\/05\/image-removebg-preview-81-102x150.png",102,150,true],"medium":["https:\/\/quasarhomecenter.com\/wp-content\/uploads\/2024\/05\/image-removebg-preview-81.png",102,237,false],"medium_large":["https:\/\/quasarhomecenter.com\/wp-content\/uploads\/2024\/05\/image-removebg-preview-81.png",102,237,false],"large":["https:\/\/quasarhomecenter.com\/wp-content\/uploads\/2024\/05\/image-removebg-preview-81.png",102,237,false],"1536x1536":["https:\/\/quasarhomecenter.com\/wp-content\/uploads\/2024\/05\/image-removebg-preview-81.png",102,237,false],"2048x2048":["https:\/\/quasarhomecenter.com\/wp-content\/uploads\/2024\/05\/image-removebg-preview-81.png",102,237,false],"mailpoet_newsletter_max":["https:\/\/quasarhomecenter.com\/wp-content\/uploads\/2024\/05\/image-removebg-preview-81.png",102,237,false],"woocommerce_thumbnail":["https:\/\/quasarhomecenter.com\/wp-content\/uploads\/2024\/05\/image-removebg-preview-81.png",102,237,false],"woocommerce_single":["https:\/\/quasarhomecenter.com\/wp-content\/uploads\/2024\/05\/image-removebg-preview-81.png",102,237,false],"woocommerce_gallery_thumbnail":["https:\/\/quasarhomecenter.com\/wp-content\/uploads\/2024\/05\/image-removebg-preview-81-100x100.png",100,100,true]},"uagb_author_info":{"display_name":"quasarhomecenter.com","author_link":"https:\/\/quasarhomecenter.com\/index.php\/author\/"},"uagb_comment_info":0,"uagb_excerpt":"Modelo: Met\u00e1lico con tejidoAltura: 67cmC\u00f3digo: 3242","_links":{"self":[{"href":"https:\/\/quasarhomecenter.com\/index.php\/wp-json\/wp\/v2\/product\/6625","targetHints":{"allow":["GET"]}}],"collection":[{"href":"https:\/\/quasarhomecenter.com\/index.php\/wp-json\/wp\/v2\/product"}],"about":[{"href":"https:\/\/quasarhomecenter.com\/index.php\/wp-json\/wp\/v2\/types\/product"}],"replies":[{"embeddable":true,"href":"https:\/\/quasarhomecenter.com\/index.php\/wp-json\/wp\/v2\/comments?post=6625"}],"wp:featuredmedia":[{"embeddable":true,"href":"https:\/\/quasarhomecenter.com\/index.php\/wp-json\/wp\/v2\/media\/6626"}],"wp:attachment":[{"href":"https:\/\/quasarhomecenter.com\/index.php\/wp-json\/wp\/v2\/media?parent=6625"}],"wp:term":[{"taxonomy":"product_cat","embeddable":true,"href":"https:\/\/quasarhomecenter.com\/index.php\/wp-json\/wp\/v2\/product_cat?post=6625"},{"taxonomy":"product_tag","embeddable":true,"href":"https:\/\/quasarhomecenter.com\/index.php\/wp-json\/wp\/v2\/product_tag?post=6625"}],"curies":[{"name":"wp","href":"https:\/\/api.w.org\/{rel}","templated":true}]}}