{"id":6666,"date":"2024-05-09T10:00:53","date_gmt":"2024-05-09T13:00:53","guid":{"rendered":"https:\/\/quasarhomecenter.com\/?post_type=product&#038;p=6666"},"modified":"2024-05-09T10:01:33","modified_gmt":"2024-05-09T13:01:33","slug":"hexagonal","status":"publish","type":"product","link":"https:\/\/quasarhomecenter.com\/index.php\/product\/hexagonal\/","title":{"rendered":"Hexagonal"},"content":{"rendered":"<p>Altura: 25cm<br \/>C\u00f3digo: 7183<br \/>Altura: 29cm<br \/>C\u00f3digo: 4104<br \/>Altura: 34cm<br \/>C\u00f3digo: 3578<\/p>\n","protected":false},"excerpt":{"rendered":"<p>Altura: 25cm<br \/>C\u00f3digo: 7183<br \/>Altura: 29cm<br \/>C\u00f3digo: 4104<br \/>Altura: 34cm<br \/>C\u00f3digo: 3578<\/p>\n","protected":false},"featured_media":0,"comment_status":"open","ping_status":"closed","template":"","meta":{"om_disable_all_campaigns":false,"_uag_custom_page_level_css":"","_monsterinsights_skip_tracking":false,"_monsterinsights_sitenote_active":false,"_monsterinsights_sitenote_note":"","_monsterinsights_sitenote_category":0},"product_cat":[338,31],"product_tag":[],"class_list":{"0":"post-6666","1":"product","2":"type-product","3":"status-publish","5":"product_cat-portaflores-artesanales","6":"product_cat-decoracion","8":"first","9":"instock","10":"shipping-taxable","11":"purchasable","12":"product-type-simple"},"aioseo_notices":[],"jetpack_sharing_enabled":true,"uagb_featured_image_src":{"full":false,"thumbnail":false,"medium":false,"medium_large":false,"large":false,"1536x1536":false,"2048x2048":false,"mailpoet_newsletter_max":false,"woocommerce_thumbnail":false,"woocommerce_single":false,"woocommerce_gallery_thumbnail":false},"uagb_author_info":{"display_name":"quasarhomecenter.com","author_link":"https:\/\/quasarhomecenter.com\/index.php\/author\/"},"uagb_comment_info":0,"uagb_excerpt":"Altura: 25cmC\u00f3digo: 7183Altura: 29cmC\u00f3digo: 4104Altura: 34cmC\u00f3digo: 3578","_links":{"self":[{"href":"https:\/\/quasarhomecenter.com\/index.php\/wp-json\/wp\/v2\/product\/6666","targetHints":{"allow":["GET"]}}],"collection":[{"href":"https:\/\/quasarhomecenter.com\/index.php\/wp-json\/wp\/v2\/product"}],"about":[{"href":"https:\/\/quasarhomecenter.com\/index.php\/wp-json\/wp\/v2\/types\/product"}],"replies":[{"embeddable":true,"href":"https:\/\/quasarhomecenter.com\/index.php\/wp-json\/wp\/v2\/comments?post=6666"}],"wp:attachment":[{"href":"https:\/\/quasarhomecenter.com\/index.php\/wp-json\/wp\/v2\/media?parent=6666"}],"wp:term":[{"taxonomy":"product_cat","embeddable":true,"href":"https:\/\/quasarhomecenter.com\/index.php\/wp-json\/wp\/v2\/product_cat?post=6666"},{"taxonomy":"product_tag","embeddable":true,"href":"https:\/\/quasarhomecenter.com\/index.php\/wp-json\/wp\/v2\/product_tag?post=6666"}],"curies":[{"name":"wp","href":"https:\/\/api.w.org\/{rel}","templated":true}]}}