{"id":7083,"date":"2025-02-09T08:17:05","date_gmt":"2025-02-09T11:17:05","guid":{"rendered":"https:\/\/quasarhomecenter.com\/?post_type=product&#038;p=7083"},"modified":"2025-06-24T11:11:31","modified_gmt":"2025-06-24T14:11:31","slug":"cesped-sintetico-x-metro-lineal-2-metros-de-ancho","status":"publish","type":"product","link":"https:\/\/quasarhomecenter.com\/index.php\/product\/cesped-sintetico-x-metro-lineal-2-metros-de-ancho\/","title":{"rendered":"C\u00e9sped sint\u00e9tico x m2"},"content":{"rendered":"<p>C\u00e9sped sint\u00e9tico, precio publicado por m2. Por cada metro lineal, tiene 2 metros de ancho, es decir 2 m2. <br \/>El precio por metro lineal es de $880<\/p>\n","protected":false},"excerpt":{"rendered":"<p>C\u00e9sped sint\u00e9tico, precio publicado por m2. Por cada metro lineal, tiene 2 metros de ancho, es decir 2 m2. El precio por metro lineal es de $880<\/p>\n","protected":false},"featured_media":7084,"comment_status":"open","ping_status":"closed","template":"","meta":{"om_disable_all_campaigns":false,"_uag_custom_page_level_css":"","_monsterinsights_skip_tracking":false,"_monsterinsights_sitenote_active":false,"_monsterinsights_sitenote_note":"","_monsterinsights_sitenote_category":0},"product_cat":[354,30],"product_tag":[],"class_list":{"0":"post-7083","1":"product","2":"type-product","3":"status-publish","4":"has-post-thumbnail","6":"product_cat-jardin","7":"product_cat-muebleria","9":"first","10":"instock","11":"shipping-taxable","12":"purchasable","13":"product-type-simple"},"aioseo_notices":[],"jetpack_sharing_enabled":true,"uagb_featured_image_src":{"full":["https:\/\/quasarhomecenter.com\/wp-content\/uploads\/2025\/02\/D_994907-MLU71517721980_092023-F.jpg",1000,1000,false],"thumbnail":["https:\/\/quasarhomecenter.com\/wp-content\/uploads\/2025\/02\/D_994907-MLU71517721980_092023-F-150x150.jpg",150,150,true],"medium":["https:\/\/quasarhomecenter.com\/wp-content\/uploads\/2025\/02\/D_994907-MLU71517721980_092023-F-300x300.jpg",300,300,true],"medium_large":["https:\/\/quasarhomecenter.com\/wp-content\/uploads\/2025\/02\/D_994907-MLU71517721980_092023-F-768x768.jpg",768,768,true],"large":["https:\/\/quasarhomecenter.com\/wp-content\/uploads\/2025\/02\/D_994907-MLU71517721980_092023-F.jpg",1000,1000,false],"1536x1536":["https:\/\/quasarhomecenter.com\/wp-content\/uploads\/2025\/02\/D_994907-MLU71517721980_092023-F.jpg",1000,1000,false],"2048x2048":["https:\/\/quasarhomecenter.com\/wp-content\/uploads\/2025\/02\/D_994907-MLU71517721980_092023-F.jpg",1000,1000,false],"mailpoet_newsletter_max":["https:\/\/quasarhomecenter.com\/wp-content\/uploads\/2025\/02\/D_994907-MLU71517721980_092023-F.jpg",1000,1000,false],"woocommerce_thumbnail":["https:\/\/quasarhomecenter.com\/wp-content\/uploads\/2025\/02\/D_994907-MLU71517721980_092023-F-300x300.jpg",300,300,true],"woocommerce_single":["https:\/\/quasarhomecenter.com\/wp-content\/uploads\/2025\/02\/D_994907-MLU71517721980_092023-F-600x600.jpg",600,600,true],"woocommerce_gallery_thumbnail":["https:\/\/quasarhomecenter.com\/wp-content\/uploads\/2025\/02\/D_994907-MLU71517721980_092023-F-100x100.jpg",100,100,true]},"uagb_author_info":{"display_name":"quasarhomecenter.com","author_link":"https:\/\/quasarhomecenter.com\/index.php\/author\/"},"uagb_comment_info":0,"uagb_excerpt":"C\u00e9sped sint\u00e9tico, precio publicado por m2. Por cada metro lineal, tiene 2 metros de ancho, es decir 2 m2. El precio por metro lineal es de $880","_links":{"self":[{"href":"https:\/\/quasarhomecenter.com\/index.php\/wp-json\/wp\/v2\/product\/7083","targetHints":{"allow":["GET"]}}],"collection":[{"href":"https:\/\/quasarhomecenter.com\/index.php\/wp-json\/wp\/v2\/product"}],"about":[{"href":"https:\/\/quasarhomecenter.com\/index.php\/wp-json\/wp\/v2\/types\/product"}],"replies":[{"embeddable":true,"href":"https:\/\/quasarhomecenter.com\/index.php\/wp-json\/wp\/v2\/comments?post=7083"}],"wp:featuredmedia":[{"embeddable":true,"href":"https:\/\/quasarhomecenter.com\/index.php\/wp-json\/wp\/v2\/media\/7084"}],"wp:attachment":[{"href":"https:\/\/quasarhomecenter.com\/index.php\/wp-json\/wp\/v2\/media?parent=7083"}],"wp:term":[{"taxonomy":"product_cat","embeddable":true,"href":"https:\/\/quasarhomecenter.com\/index.php\/wp-json\/wp\/v2\/product_cat?post=7083"},{"taxonomy":"product_tag","embeddable":true,"href":"https:\/\/quasarhomecenter.com\/index.php\/wp-json\/wp\/v2\/product_tag?post=7083"}],"curies":[{"name":"wp","href":"https:\/\/api.w.org\/{rel}","templated":true}]}}