{"id":7125,"date":"2025-03-04T08:49:33","date_gmt":"2025-03-04T11:49:33","guid":{"rendered":"https:\/\/quasarhomecenter.com\/?post_type=product&#038;p=7125"},"modified":"2025-03-04T08:57:49","modified_gmt":"2025-03-04T11:57:49","slug":"monocomando-canilla-grifo-black-sensor","status":"publish","type":"product","link":"https:\/\/quasarhomecenter.com\/index.php\/product\/monocomando-canilla-grifo-black-sensor\/","title":{"rendered":"Monocomando Canilla Grifo Black Sensor"},"content":{"rendered":"<p>Monocomando Black Digital con Sensor \u2013 Tecnolog\u00eda y Elegancia en un Solo Toque<\/p>\n<p>-Dise\u00f1o sofisticado en negro mate, ideal para cocinas y ba\u00f1os modernos.<br \/>-Sensor de activaci\u00f3n autom\u00e1tica, para un uso sin contacto, m\u00e1s higi\u00e9nico y pr\u00e1ctico.<br \/>-Materiales premium, resistentes a la corrosi\u00f3n y de larga durabilidad.<br \/>-F\u00e1cil instalaci\u00f3n y compatibilidad universal con sistemas de plomer\u00eda est\u00e1ndar.<\/p>\n<p>Comodidad, higiene y tecnolog\u00eda en un solo grifo.<\/p>\n<p>\u00a1Dale a tu hogar un toque de innovaci\u00f3n y estilo!<\/p>\n","protected":false},"excerpt":{"rendered":"<p>Monocomando Black Digital con Sensor \u2013 Tecnolog\u00eda y Elegancia en un Solo Toque -Dise\u00f1o sofisticado en negro mate, ideal para cocinas y ba\u00f1os modernos.-Sensor de activaci\u00f3n autom\u00e1tica, para un uso&hellip;<\/p>\n","protected":false},"featured_media":7127,"comment_status":"open","ping_status":"closed","template":"","meta":{"om_disable_all_campaigns":false,"_uag_custom_page_level_css":"","_monsterinsights_skip_tracking":false,"_monsterinsights_sitenote_active":false,"_monsterinsights_sitenote_note":"","_monsterinsights_sitenote_category":0},"product_cat":[271,159],"product_tag":[84],"class_list":{"0":"post-7125","1":"product","2":"type-product","3":"status-publish","4":"has-post-thumbnail","6":"product_cat-bano","7":"product_cat-construccion","8":"product_tag-bano","10":"first","11":"instock","12":"shipping-taxable","13":"purchasable","14":"product-type-simple"},"aioseo_notices":[],"jetpack_sharing_enabled":true,"uagb_featured_image_src":{"full":["https:\/\/quasarhomecenter.com\/wp-content\/uploads\/2025\/03\/D_NQ_NP_2X_774927-MLU82193654782_022025-F.webp",900,1200,false],"thumbnail":["https:\/\/quasarhomecenter.com\/wp-content\/uploads\/2025\/03\/D_NQ_NP_2X_774927-MLU82193654782_022025-F-150x150.webp",150,150,true],"medium":["https:\/\/quasarhomecenter.com\/wp-content\/uploads\/2025\/03\/D_NQ_NP_2X_774927-MLU82193654782_022025-F-225x300.webp",225,300,true],"medium_large":["https:\/\/quasarhomecenter.com\/wp-content\/uploads\/2025\/03\/D_NQ_NP_2X_774927-MLU82193654782_022025-F-768x1024.webp",768,1024,true],"large":["https:\/\/quasarhomecenter.com\/wp-content\/uploads\/2025\/03\/D_NQ_NP_2X_774927-MLU82193654782_022025-F-768x1024.webp",768,1024,true],"1536x1536":["https:\/\/quasarhomecenter.com\/wp-content\/uploads\/2025\/03\/D_NQ_NP_2X_774927-MLU82193654782_022025-F.webp",900,1200,false],"2048x2048":["https:\/\/quasarhomecenter.com\/wp-content\/uploads\/2025\/03\/D_NQ_NP_2X_774927-MLU82193654782_022025-F.webp",900,1200,false],"mailpoet_newsletter_max":["https:\/\/quasarhomecenter.com\/wp-content\/uploads\/2025\/03\/D_NQ_NP_2X_774927-MLU82193654782_022025-F.webp",900,1200,false],"woocommerce_thumbnail":["https:\/\/quasarhomecenter.com\/wp-content\/uploads\/2025\/03\/D_NQ_NP_2X_774927-MLU82193654782_022025-F-300x300.webp",300,300,true],"woocommerce_single":["https:\/\/quasarhomecenter.com\/wp-content\/uploads\/2025\/03\/D_NQ_NP_2X_774927-MLU82193654782_022025-F-600x800.webp",600,800,true],"woocommerce_gallery_thumbnail":["https:\/\/quasarhomecenter.com\/wp-content\/uploads\/2025\/03\/D_NQ_NP_2X_774927-MLU82193654782_022025-F-100x100.webp",100,100,true]},"uagb_author_info":{"display_name":"quasarhomecenter.com","author_link":"https:\/\/quasarhomecenter.com\/index.php\/author\/"},"uagb_comment_info":0,"uagb_excerpt":"Monocomando Black Digital con Sensor \u2013 Tecnolog\u00eda y Elegancia en un Solo Toque -Dise\u00f1o sofisticado en negro mate, ideal para cocinas y ba\u00f1os modernos.-Sensor de activaci\u00f3n autom\u00e1tica, para un uso&hellip;","_links":{"self":[{"href":"https:\/\/quasarhomecenter.com\/index.php\/wp-json\/wp\/v2\/product\/7125","targetHints":{"allow":["GET"]}}],"collection":[{"href":"https:\/\/quasarhomecenter.com\/index.php\/wp-json\/wp\/v2\/product"}],"about":[{"href":"https:\/\/quasarhomecenter.com\/index.php\/wp-json\/wp\/v2\/types\/product"}],"replies":[{"embeddable":true,"href":"https:\/\/quasarhomecenter.com\/index.php\/wp-json\/wp\/v2\/comments?post=7125"}],"wp:featuredmedia":[{"embeddable":true,"href":"https:\/\/quasarhomecenter.com\/index.php\/wp-json\/wp\/v2\/media\/7127"}],"wp:attachment":[{"href":"https:\/\/quasarhomecenter.com\/index.php\/wp-json\/wp\/v2\/media?parent=7125"}],"wp:term":[{"taxonomy":"product_cat","embeddable":true,"href":"https:\/\/quasarhomecenter.com\/index.php\/wp-json\/wp\/v2\/product_cat?post=7125"},{"taxonomy":"product_tag","embeddable":true,"href":"https:\/\/quasarhomecenter.com\/index.php\/wp-json\/wp\/v2\/product_tag?post=7125"}],"curies":[{"name":"wp","href":"https:\/\/api.w.org\/{rel}","templated":true}]}}