{"id":7131,"date":"2025-03-04T17:25:37","date_gmt":"2025-03-04T20:25:37","guid":{"rendered":"https:\/\/quasarhomecenter.com\/?post_type=product&#038;p=7131"},"modified":"2025-03-04T17:28:51","modified_gmt":"2025-03-04T20:28:51","slug":"cortador-de-chapa-para-taladro","status":"publish","type":"product","link":"https:\/\/quasarhomecenter.com\/index.php\/product\/cortador-de-chapa-para-taladro\/","title":{"rendered":"Cortador de chapa para taladro"},"content":{"rendered":"<p>Cortador de Chapa Plateado \u2013 Precisi\u00f3n y Versatilidad para M\u00faltiples Materiales<br \/>-Compatible con taladros el\u00e9ctricos de 12V a 21V de litio, ideal para un corte eficiente y sin esfuerzo.<br \/>-Fabricado en acero de alta resistencia, garantizando durabilidad y cortes limpios.<br \/>Capacidad de corte:<br \/>Chapa de hierro blanco: 1.1 &#8211; 2 mm<br \/>Placa de acero: 0.8 &#8211; 1 mm<br \/>Placa de hierro: 0.8 &#8211; 1 mm<br \/>Placa de cobre: hasta 1.5 mm<br \/>Placa de aluminio: hasta 1.5 mm<br \/>Dise\u00f1o ergon\u00f3mico y f\u00e1cil de usar, con montaje r\u00e1pido en taladros el\u00e9ctricos.<br \/>Herramienta ideal para trabajos de construcci\u00f3n, carpinter\u00eda met\u00e1lica y bricolaje.<br \/>Corta con precisi\u00f3n diferentes tipos de metal de manera r\u00e1pida y eficiente.<\/p>\n","protected":false},"excerpt":{"rendered":"<p>Cortador de Chapa Plateado \u2013 Precisi\u00f3n y Versatilidad para M\u00faltiples Materiales-Compatible con taladros el\u00e9ctricos de 12V a 21V de litio, ideal para un corte eficiente y sin esfuerzo.-Fabricado en acero&hellip;<\/p>\n","protected":false},"featured_media":7133,"comment_status":"open","ping_status":"closed","template":"","meta":{"om_disable_all_campaigns":false,"_uag_custom_page_level_css":"","_monsterinsights_skip_tracking":false,"_monsterinsights_sitenote_active":false,"_monsterinsights_sitenote_note":"","_monsterinsights_sitenote_category":0},"product_cat":[149,159,158,37],"product_tag":[],"class_list":{"0":"post-7131","1":"product","2":"type-product","3":"status-publish","4":"has-post-thumbnail","6":"product_cat-albanil","7":"product_cat-construccion","8":"product_cat-mecanico","9":"product_cat-carpinteria","11":"first","12":"instock","13":"shipping-taxable","14":"purchasable","15":"product-type-simple"},"aioseo_notices":[],"jetpack_sharing_enabled":true,"uagb_featured_image_src":{"full":["https:\/\/quasarhomecenter.com\/wp-content\/uploads\/2025\/03\/24531.png",2500,2500,false],"thumbnail":["https:\/\/quasarhomecenter.com\/wp-content\/uploads\/2025\/03\/24531-150x150.png",150,150,true],"medium":["https:\/\/quasarhomecenter.com\/wp-content\/uploads\/2025\/03\/24531-300x300.png",300,300,true],"medium_large":["https:\/\/quasarhomecenter.com\/wp-content\/uploads\/2025\/03\/24531-768x768.png",768,768,true],"large":["https:\/\/quasarhomecenter.com\/wp-content\/uploads\/2025\/03\/24531-1024x1024.png",1024,1024,true],"1536x1536":["https:\/\/quasarhomecenter.com\/wp-content\/uploads\/2025\/03\/24531-1536x1536.png",1536,1536,true],"2048x2048":["https:\/\/quasarhomecenter.com\/wp-content\/uploads\/2025\/03\/24531-2048x2048.png",2048,2048,true],"mailpoet_newsletter_max":["https:\/\/quasarhomecenter.com\/wp-content\/uploads\/2025\/03\/24531-1320x1320.png",1320,1320,true],"woocommerce_thumbnail":["https:\/\/quasarhomecenter.com\/wp-content\/uploads\/2025\/03\/24531-300x300.png",300,300,true],"woocommerce_single":["https:\/\/quasarhomecenter.com\/wp-content\/uploads\/2025\/03\/24531-600x600.png",600,600,true],"woocommerce_gallery_thumbnail":["https:\/\/quasarhomecenter.com\/wp-content\/uploads\/2025\/03\/24531-100x100.png",100,100,true]},"uagb_author_info":{"display_name":"quasarhomecenter.com","author_link":"https:\/\/quasarhomecenter.com\/index.php\/author\/"},"uagb_comment_info":0,"uagb_excerpt":"Cortador de Chapa Plateado \u2013 Precisi\u00f3n y Versatilidad para M\u00faltiples Materiales-Compatible con taladros el\u00e9ctricos de 12V a 21V de litio, ideal para un corte eficiente y sin esfuerzo.-Fabricado en acero&hellip;","_links":{"self":[{"href":"https:\/\/quasarhomecenter.com\/index.php\/wp-json\/wp\/v2\/product\/7131","targetHints":{"allow":["GET"]}}],"collection":[{"href":"https:\/\/quasarhomecenter.com\/index.php\/wp-json\/wp\/v2\/product"}],"about":[{"href":"https:\/\/quasarhomecenter.com\/index.php\/wp-json\/wp\/v2\/types\/product"}],"replies":[{"embeddable":true,"href":"https:\/\/quasarhomecenter.com\/index.php\/wp-json\/wp\/v2\/comments?post=7131"}],"wp:featuredmedia":[{"embeddable":true,"href":"https:\/\/quasarhomecenter.com\/index.php\/wp-json\/wp\/v2\/media\/7133"}],"wp:attachment":[{"href":"https:\/\/quasarhomecenter.com\/index.php\/wp-json\/wp\/v2\/media?parent=7131"}],"wp:term":[{"taxonomy":"product_cat","embeddable":true,"href":"https:\/\/quasarhomecenter.com\/index.php\/wp-json\/wp\/v2\/product_cat?post=7131"},{"taxonomy":"product_tag","embeddable":true,"href":"https:\/\/quasarhomecenter.com\/index.php\/wp-json\/wp\/v2\/product_tag?post=7131"}],"curies":[{"name":"wp","href":"https:\/\/api.w.org\/{rel}","templated":true}]}}