{"id":7289,"date":"2025-07-15T09:49:57","date_gmt":"2025-07-15T12:49:57","guid":{"rendered":"https:\/\/quasarhomecenter.com\/?post_type=product&#038;p=7289"},"modified":"2025-12-03T11:15:16","modified_gmt":"2025-12-03T14:15:16","slug":"parlante-radio-con-cargador-inalambrico","status":"publish","type":"product","link":"https:\/\/quasarhomecenter.com\/index.php\/product\/parlante-radio-con-cargador-inalambrico\/","title":{"rendered":"Parlante \/ radio con cargador inal\u00e1mbrico"},"content":{"rendered":"<p>La l\u00e1mpara veladora LED RGB con parlante, cargador inal\u00e1mbrico y reloj es un dispositivo vers\u00e1til que combina sonido envolvente de alta calidad, iluminaci\u00f3n acogedora y la comodidad de la carga inal\u00e1mbrica. El parlante Bluetooth integrado se conecta de forma inal\u00e1mbrica a cualquier dispositivo compatible, permiti\u00e9ndote disfrutar de m\u00fasica de alta calidad en cualquier momento y lugar. Adem\u00e1s, cuenta con 7 configuraciones de luces de colores, reloj digital con pantalla LED y alarma.<\/p>\n","protected":false},"excerpt":{"rendered":"<p>La l\u00e1mpara veladora LED RGB con parlante, cargador inal\u00e1mbrico y reloj es un dispositivo vers\u00e1til que combina sonido envolvente de alta calidad, iluminaci\u00f3n acogedora y la comodidad de la carga&hellip;<\/p>\n","protected":false},"featured_media":7291,"comment_status":"open","ping_status":"closed","template":"","meta":{"om_disable_all_campaigns":false,"_uag_custom_page_level_css":"","_monsterinsights_skip_tracking":false,"_monsterinsights_sitenote_active":false,"_monsterinsights_sitenote_note":"","_monsterinsights_sitenote_category":0},"product_cat":[29],"product_tag":[145,143],"class_list":{"0":"post-7289","1":"product","2":"type-product","3":"status-publish","4":"has-post-thumbnail","6":"product_cat-electrodomesticos","7":"product_tag-audio-varios","8":"product_tag-auto-radios-y-parlantes","10":"first","11":"instock","12":"shipping-taxable","13":"purchasable","14":"product-type-simple"},"aioseo_notices":[],"jetpack_sharing_enabled":true,"uagb_featured_image_src":{"full":["https:\/\/quasarhomecenter.com\/wp-content\/uploads\/2025\/07\/lampara-veladora-g-bt-3401-foto5.webp",500,500,false],"thumbnail":["https:\/\/quasarhomecenter.com\/wp-content\/uploads\/2025\/07\/lampara-veladora-g-bt-3401-foto5-150x150.webp",150,150,true],"medium":["https:\/\/quasarhomecenter.com\/wp-content\/uploads\/2025\/07\/lampara-veladora-g-bt-3401-foto5-300x300.webp",300,300,true],"medium_large":["https:\/\/quasarhomecenter.com\/wp-content\/uploads\/2025\/07\/lampara-veladora-g-bt-3401-foto5.webp",500,500,false],"large":["https:\/\/quasarhomecenter.com\/wp-content\/uploads\/2025\/07\/lampara-veladora-g-bt-3401-foto5.webp",500,500,false],"1536x1536":["https:\/\/quasarhomecenter.com\/wp-content\/uploads\/2025\/07\/lampara-veladora-g-bt-3401-foto5.webp",500,500,false],"2048x2048":["https:\/\/quasarhomecenter.com\/wp-content\/uploads\/2025\/07\/lampara-veladora-g-bt-3401-foto5.webp",500,500,false],"mailpoet_newsletter_max":["https:\/\/quasarhomecenter.com\/wp-content\/uploads\/2025\/07\/lampara-veladora-g-bt-3401-foto5.webp",500,500,false],"woocommerce_thumbnail":["https:\/\/quasarhomecenter.com\/wp-content\/uploads\/2025\/07\/lampara-veladora-g-bt-3401-foto5-300x300.webp",300,300,true],"woocommerce_single":["https:\/\/quasarhomecenter.com\/wp-content\/uploads\/2025\/07\/lampara-veladora-g-bt-3401-foto5.webp",500,500,false],"woocommerce_gallery_thumbnail":["https:\/\/quasarhomecenter.com\/wp-content\/uploads\/2025\/07\/lampara-veladora-g-bt-3401-foto5-100x100.webp",100,100,true]},"uagb_author_info":{"display_name":"quasarhomecenter.com","author_link":"https:\/\/quasarhomecenter.com\/index.php\/author\/"},"uagb_comment_info":1,"uagb_excerpt":"La l\u00e1mpara veladora LED RGB con parlante, cargador inal\u00e1mbrico y reloj es un dispositivo vers\u00e1til que combina sonido envolvente de alta calidad, iluminaci\u00f3n acogedora y la comodidad de la carga&hellip;","_links":{"self":[{"href":"https:\/\/quasarhomecenter.com\/index.php\/wp-json\/wp\/v2\/product\/7289","targetHints":{"allow":["GET"]}}],"collection":[{"href":"https:\/\/quasarhomecenter.com\/index.php\/wp-json\/wp\/v2\/product"}],"about":[{"href":"https:\/\/quasarhomecenter.com\/index.php\/wp-json\/wp\/v2\/types\/product"}],"replies":[{"embeddable":true,"href":"https:\/\/quasarhomecenter.com\/index.php\/wp-json\/wp\/v2\/comments?post=7289"}],"wp:featuredmedia":[{"embeddable":true,"href":"https:\/\/quasarhomecenter.com\/index.php\/wp-json\/wp\/v2\/media\/7291"}],"wp:attachment":[{"href":"https:\/\/quasarhomecenter.com\/index.php\/wp-json\/wp\/v2\/media?parent=7289"}],"wp:term":[{"taxonomy":"product_cat","embeddable":true,"href":"https:\/\/quasarhomecenter.com\/index.php\/wp-json\/wp\/v2\/product_cat?post=7289"},{"taxonomy":"product_tag","embeddable":true,"href":"https:\/\/quasarhomecenter.com\/index.php\/wp-json\/wp\/v2\/product_tag?post=7289"}],"curies":[{"name":"wp","href":"https:\/\/api.w.org\/{rel}","templated":true}]}}