{"id":7317,"date":"2025-07-15T11:25:31","date_gmt":"2025-07-15T14:25:31","guid":{"rendered":"https:\/\/quasarhomecenter.com\/?post_type=product&#038;p=7317"},"modified":"2025-12-03T11:16:14","modified_gmt":"2025-12-03T14:16:14","slug":"set-x-80-marcadores-doble-punta","status":"publish","type":"product","link":"https:\/\/quasarhomecenter.com\/index.php\/product\/set-x-80-marcadores-doble-punta\/","title":{"rendered":"Set x 80 marcadores doble punta"},"content":{"rendered":"<p>Los marcadores son altamente recomendados por su excelente calidad y gran variedad de colores vibrantes y duraderos. Los usuarios destacan la buena relaci\u00f3n calidad-precio y el estuche pr\u00e1ctico para organizarlos. Son perfectos para regalos, especialmente apreciados por los ni\u00f1os y utilizados en actividades art\u00edsticas. <\/p>\n","protected":false},"excerpt":{"rendered":"<p>Los marcadores son altamente recomendados por su excelente calidad y gran variedad de colores vibrantes y duraderos. Los usuarios destacan la buena relaci\u00f3n calidad-precio y el estuche pr\u00e1ctico para organizarlos.&hellip;<\/p>\n","protected":false},"featured_media":7318,"comment_status":"open","ping_status":"closed","template":"","meta":{"om_disable_all_campaigns":false,"_uag_custom_page_level_css":"","_monsterinsights_skip_tracking":false,"_monsterinsights_sitenote_active":false,"_monsterinsights_sitenote_note":"","_monsterinsights_sitenote_category":0},"product_cat":[361],"product_tag":[],"class_list":{"0":"post-7317","1":"product","2":"type-product","3":"status-publish","4":"has-post-thumbnail","6":"product_cat-papeleria","8":"first","9":"instock","10":"shipping-taxable","11":"purchasable","12":"product-type-simple"},"aioseo_notices":[],"jetpack_sharing_enabled":true,"uagb_featured_image_src":{"full":["https:\/\/quasarhomecenter.com\/wp-content\/uploads\/2025\/07\/marcadores-alcohol-touch-parker-80pcs-foto1.webp",500,500,false],"thumbnail":["https:\/\/quasarhomecenter.com\/wp-content\/uploads\/2025\/07\/marcadores-alcohol-touch-parker-80pcs-foto1-150x150.webp",150,150,true],"medium":["https:\/\/quasarhomecenter.com\/wp-content\/uploads\/2025\/07\/marcadores-alcohol-touch-parker-80pcs-foto1-300x300.webp",300,300,true],"medium_large":["https:\/\/quasarhomecenter.com\/wp-content\/uploads\/2025\/07\/marcadores-alcohol-touch-parker-80pcs-foto1.webp",500,500,false],"large":["https:\/\/quasarhomecenter.com\/wp-content\/uploads\/2025\/07\/marcadores-alcohol-touch-parker-80pcs-foto1.webp",500,500,false],"1536x1536":["https:\/\/quasarhomecenter.com\/wp-content\/uploads\/2025\/07\/marcadores-alcohol-touch-parker-80pcs-foto1.webp",500,500,false],"2048x2048":["https:\/\/quasarhomecenter.com\/wp-content\/uploads\/2025\/07\/marcadores-alcohol-touch-parker-80pcs-foto1.webp",500,500,false],"mailpoet_newsletter_max":["https:\/\/quasarhomecenter.com\/wp-content\/uploads\/2025\/07\/marcadores-alcohol-touch-parker-80pcs-foto1.webp",500,500,false],"woocommerce_thumbnail":["https:\/\/quasarhomecenter.com\/wp-content\/uploads\/2025\/07\/marcadores-alcohol-touch-parker-80pcs-foto1-300x300.webp",300,300,true],"woocommerce_single":["https:\/\/quasarhomecenter.com\/wp-content\/uploads\/2025\/07\/marcadores-alcohol-touch-parker-80pcs-foto1.webp",500,500,false],"woocommerce_gallery_thumbnail":["https:\/\/quasarhomecenter.com\/wp-content\/uploads\/2025\/07\/marcadores-alcohol-touch-parker-80pcs-foto1-100x100.webp",100,100,true]},"uagb_author_info":{"display_name":"quasarhomecenter.com","author_link":"https:\/\/quasarhomecenter.com\/index.php\/author\/"},"uagb_comment_info":1,"uagb_excerpt":"Los marcadores son altamente recomendados por su excelente calidad y gran variedad de colores vibrantes y duraderos. Los usuarios destacan la buena relaci\u00f3n calidad-precio y el estuche pr\u00e1ctico para organizarlos.&hellip;","_links":{"self":[{"href":"https:\/\/quasarhomecenter.com\/index.php\/wp-json\/wp\/v2\/product\/7317","targetHints":{"allow":["GET"]}}],"collection":[{"href":"https:\/\/quasarhomecenter.com\/index.php\/wp-json\/wp\/v2\/product"}],"about":[{"href":"https:\/\/quasarhomecenter.com\/index.php\/wp-json\/wp\/v2\/types\/product"}],"replies":[{"embeddable":true,"href":"https:\/\/quasarhomecenter.com\/index.php\/wp-json\/wp\/v2\/comments?post=7317"}],"wp:featuredmedia":[{"embeddable":true,"href":"https:\/\/quasarhomecenter.com\/index.php\/wp-json\/wp\/v2\/media\/7318"}],"wp:attachment":[{"href":"https:\/\/quasarhomecenter.com\/index.php\/wp-json\/wp\/v2\/media?parent=7317"}],"wp:term":[{"taxonomy":"product_cat","embeddable":true,"href":"https:\/\/quasarhomecenter.com\/index.php\/wp-json\/wp\/v2\/product_cat?post=7317"},{"taxonomy":"product_tag","embeddable":true,"href":"https:\/\/quasarhomecenter.com\/index.php\/wp-json\/wp\/v2\/product_tag?post=7317"}],"curies":[{"name":"wp","href":"https:\/\/api.w.org\/{rel}","templated":true}]}}