{"id":7565,"date":"2025-10-14T19:49:47","date_gmt":"2025-10-14T22:49:47","guid":{"rendered":"https:\/\/quasarhomecenter.com\/?post_type=product&#038;p=7565"},"modified":"2025-10-14T19:54:02","modified_gmt":"2025-10-14T22:54:02","slug":"cabina-de-ducha-tm-876-quasar-homecenter-plateado-plateado","status":"publish","type":"product","link":"https:\/\/quasarhomecenter.com\/index.php\/product\/cabina-de-ducha-tm-876-quasar-homecenter-plateado-plateado\/","title":{"rendered":"Cabina De Ducha Tm-876 &#8211; Quasar Homecenter Plateado Plateado"},"content":{"rendered":"<p>Transform\u00e1 tu ba\u00f1o con esta elegante mampara de ducha, dise\u00f1ada para combinar funcionalidad y estilo en un solo espacio.<\/p>\n<p>Caracter\u00edsticas destacadas:<\/p>\n<p>2 puertas corredizas de vidrio: Aseguran un deslizamiento suave y un cierre herm\u00e9tico.<br \/>Repisa de vidrio integrada: Perfecta para colocar shampoo, jab\u00f3n y otros productos de ba\u00f1o.<br \/>Lluvero: Proporciona una experiencia de ducha tipo lluvia, relajante y envolvente.<br \/>Jet integrado en el techo: Brinda una suave presi\u00f3n de agua para una experiencia revitalizante.<br \/>Estilo, comodidad y calidad en cada detalle. Dale a tu ba\u00f1o un toque moderno y funcional. \u00a1Un espacio pensado para tu bienestar diario!<\/p>\n<p><\/p>\n","protected":false},"excerpt":{"rendered":"<p>Transform\u00e1 tu ba\u00f1o con esta elegante mampara de ducha, dise\u00f1ada para combinar funcionalidad y estilo en un solo espacio. Caracter\u00edsticas destacadas: 2 puertas corredizas de vidrio: Aseguran un deslizamiento suave&hellip;<\/p>\n","protected":false},"featured_media":7566,"comment_status":"open","ping_status":"closed","template":"","meta":{"om_disable_all_campaigns":false,"_uag_custom_page_level_css":"","_monsterinsights_skip_tracking":false,"_monsterinsights_sitenote_active":false,"_monsterinsights_sitenote_note":"","_monsterinsights_sitenote_category":0},"product_cat":[277,30],"product_tag":[],"class_list":{"0":"post-7565","1":"product","2":"type-product","3":"status-publish","4":"has-post-thumbnail","6":"product_cat-cabinas","7":"product_cat-muebleria","9":"first","10":"instock","11":"shipping-taxable","12":"purchasable","13":"product-type-simple"},"aioseo_notices":[],"jetpack_sharing_enabled":true,"uagb_featured_image_src":{"full":["https:\/\/quasarhomecenter.com\/wp-content\/uploads\/2025\/10\/sc-1.png",2500,2500,false],"thumbnail":["https:\/\/quasarhomecenter.com\/wp-content\/uploads\/2025\/10\/sc-1-150x150.png",150,150,true],"medium":["https:\/\/quasarhomecenter.com\/wp-content\/uploads\/2025\/10\/sc-1-300x300.png",300,300,true],"medium_large":["https:\/\/quasarhomecenter.com\/wp-content\/uploads\/2025\/10\/sc-1-768x768.png",768,768,true],"large":["https:\/\/quasarhomecenter.com\/wp-content\/uploads\/2025\/10\/sc-1-1024x1024.png",1024,1024,true],"1536x1536":["https:\/\/quasarhomecenter.com\/wp-content\/uploads\/2025\/10\/sc-1-1536x1536.png",1536,1536,true],"2048x2048":["https:\/\/quasarhomecenter.com\/wp-content\/uploads\/2025\/10\/sc-1-2048x2048.png",2048,2048,true],"mailpoet_newsletter_max":["https:\/\/quasarhomecenter.com\/wp-content\/uploads\/2025\/10\/sc-1-1320x1320.png",1320,1320,true],"woocommerce_thumbnail":["https:\/\/quasarhomecenter.com\/wp-content\/uploads\/2025\/10\/sc-1-300x300.png",300,300,true],"woocommerce_single":["https:\/\/quasarhomecenter.com\/wp-content\/uploads\/2025\/10\/sc-1-600x600.png",600,600,true],"woocommerce_gallery_thumbnail":["https:\/\/quasarhomecenter.com\/wp-content\/uploads\/2025\/10\/sc-1-100x100.png",100,100,true]},"uagb_author_info":{"display_name":"quasarhomecenter.com","author_link":"https:\/\/quasarhomecenter.com\/index.php\/author\/"},"uagb_comment_info":0,"uagb_excerpt":"Transform\u00e1 tu ba\u00f1o con esta elegante mampara de ducha, dise\u00f1ada para combinar funcionalidad y estilo en un solo espacio. Caracter\u00edsticas destacadas: 2 puertas corredizas de vidrio: Aseguran un deslizamiento suave&hellip;","_links":{"self":[{"href":"https:\/\/quasarhomecenter.com\/index.php\/wp-json\/wp\/v2\/product\/7565","targetHints":{"allow":["GET"]}}],"collection":[{"href":"https:\/\/quasarhomecenter.com\/index.php\/wp-json\/wp\/v2\/product"}],"about":[{"href":"https:\/\/quasarhomecenter.com\/index.php\/wp-json\/wp\/v2\/types\/product"}],"replies":[{"embeddable":true,"href":"https:\/\/quasarhomecenter.com\/index.php\/wp-json\/wp\/v2\/comments?post=7565"}],"wp:featuredmedia":[{"embeddable":true,"href":"https:\/\/quasarhomecenter.com\/index.php\/wp-json\/wp\/v2\/media\/7566"}],"wp:attachment":[{"href":"https:\/\/quasarhomecenter.com\/index.php\/wp-json\/wp\/v2\/media?parent=7565"}],"wp:term":[{"taxonomy":"product_cat","embeddable":true,"href":"https:\/\/quasarhomecenter.com\/index.php\/wp-json\/wp\/v2\/product_cat?post=7565"},{"taxonomy":"product_tag","embeddable":true,"href":"https:\/\/quasarhomecenter.com\/index.php\/wp-json\/wp\/v2\/product_tag?post=7565"}],"curies":[{"name":"wp","href":"https:\/\/api.w.org\/{rel}","templated":true}]}}