{"id":7593,"date":"2025-12-15T18:42:21","date_gmt":"2025-12-15T21:42:21","guid":{"rendered":"https:\/\/quasarhomecenter.com\/?post_type=product&#038;p=7593"},"modified":"2025-12-23T07:38:04","modified_gmt":"2025-12-23T10:38:04","slug":"ventilador-portatil-para-cuello","status":"publish","type":"product","link":"https:\/\/quasarhomecenter.com\/index.php\/product\/ventilador-portatil-para-cuello\/","title":{"rendered":"Ventilador port\u00e1til para cuello"},"content":{"rendered":"<p>Ventilador para cuello muy pr\u00e1ctico y f\u00e1cil de usar, ideal para realizar ejercicio y mantenerse fresco.<\/p>\n","protected":false},"excerpt":{"rendered":"<p>Ventilador para cuello muy pr\u00e1ctico y f\u00e1cil de usar, ideal para realizar ejercicio y mantenerse fresco.<\/p>\n","protected":false},"featured_media":7673,"comment_status":"open","ping_status":"closed","template":"","meta":{"om_disable_all_campaigns":false,"_uag_custom_page_level_css":"","_monsterinsights_skip_tracking":false,"_monsterinsights_sitenote_active":false,"_monsterinsights_sitenote_note":"","_monsterinsights_sitenote_category":0},"product_cat":[367],"product_tag":[368],"class_list":{"0":"post-7593","1":"product","2":"type-product","3":"status-publish","4":"has-post-thumbnail","6":"product_cat-ventilador-portatil","7":"product_tag-ventilador-portatil","9":"first","10":"instock","11":"shipping-taxable","12":"purchasable","13":"product-type-simple"},"aioseo_notices":[],"jetpack_sharing_enabled":true,"uagb_featured_image_src":{"full":["https:\/\/quasarhomecenter.com\/wp-content\/uploads\/2025\/12\/71jtlbBIFSL._AC_UF8941000_QL80_.jpg",894,888,false],"thumbnail":["https:\/\/quasarhomecenter.com\/wp-content\/uploads\/2025\/12\/71jtlbBIFSL._AC_UF8941000_QL80_-150x150.jpg",150,150,true],"medium":["https:\/\/quasarhomecenter.com\/wp-content\/uploads\/2025\/12\/71jtlbBIFSL._AC_UF8941000_QL80_-300x298.jpg",300,298,true],"medium_large":["https:\/\/quasarhomecenter.com\/wp-content\/uploads\/2025\/12\/71jtlbBIFSL._AC_UF8941000_QL80_-768x763.jpg",768,763,true],"large":["https:\/\/quasarhomecenter.com\/wp-content\/uploads\/2025\/12\/71jtlbBIFSL._AC_UF8941000_QL80_.jpg",894,888,false],"1536x1536":["https:\/\/quasarhomecenter.com\/wp-content\/uploads\/2025\/12\/71jtlbBIFSL._AC_UF8941000_QL80_.jpg",894,888,false],"2048x2048":["https:\/\/quasarhomecenter.com\/wp-content\/uploads\/2025\/12\/71jtlbBIFSL._AC_UF8941000_QL80_.jpg",894,888,false],"mailpoet_newsletter_max":["https:\/\/quasarhomecenter.com\/wp-content\/uploads\/2025\/12\/71jtlbBIFSL._AC_UF8941000_QL80_.jpg",894,888,false],"woocommerce_thumbnail":["https:\/\/quasarhomecenter.com\/wp-content\/uploads\/2025\/12\/71jtlbBIFSL._AC_UF8941000_QL80_-300x300.jpg",300,300,true],"woocommerce_single":["https:\/\/quasarhomecenter.com\/wp-content\/uploads\/2025\/12\/71jtlbBIFSL._AC_UF8941000_QL80_-600x596.jpg",600,596,true],"woocommerce_gallery_thumbnail":["https:\/\/quasarhomecenter.com\/wp-content\/uploads\/2025\/12\/71jtlbBIFSL._AC_UF8941000_QL80_-100x100.jpg",100,100,true]},"uagb_author_info":{"display_name":"quasarhomecenter.com","author_link":"https:\/\/quasarhomecenter.com\/index.php\/author\/"},"uagb_comment_info":0,"uagb_excerpt":"Ventilador para cuello muy pr\u00e1ctico y f\u00e1cil de usar, ideal para realizar ejercicio y mantenerse fresco.","_links":{"self":[{"href":"https:\/\/quasarhomecenter.com\/index.php\/wp-json\/wp\/v2\/product\/7593","targetHints":{"allow":["GET"]}}],"collection":[{"href":"https:\/\/quasarhomecenter.com\/index.php\/wp-json\/wp\/v2\/product"}],"about":[{"href":"https:\/\/quasarhomecenter.com\/index.php\/wp-json\/wp\/v2\/types\/product"}],"replies":[{"embeddable":true,"href":"https:\/\/quasarhomecenter.com\/index.php\/wp-json\/wp\/v2\/comments?post=7593"}],"wp:featuredmedia":[{"embeddable":true,"href":"https:\/\/quasarhomecenter.com\/index.php\/wp-json\/wp\/v2\/media\/7673"}],"wp:attachment":[{"href":"https:\/\/quasarhomecenter.com\/index.php\/wp-json\/wp\/v2\/media?parent=7593"}],"wp:term":[{"taxonomy":"product_cat","embeddable":true,"href":"https:\/\/quasarhomecenter.com\/index.php\/wp-json\/wp\/v2\/product_cat?post=7593"},{"taxonomy":"product_tag","embeddable":true,"href":"https:\/\/quasarhomecenter.com\/index.php\/wp-json\/wp\/v2\/product_tag?post=7593"}],"curies":[{"name":"wp","href":"https:\/\/api.w.org\/{rel}","templated":true}]}}