{"id":7691,"date":"2025-12-15T21:12:59","date_gmt":"2025-12-16T00:12:59","guid":{"rendered":"https:\/\/quasarhomecenter.com\/?post_type=product&#038;p=7691"},"modified":"2025-12-15T21:15:15","modified_gmt":"2025-12-16T00:15:15","slug":"juego-de-bateria-portatil-colores","status":"publish","type":"product","link":"https:\/\/quasarhomecenter.com\/index.php\/product\/juego-de-bateria-portatil-colores\/","title":{"rendered":"Juego de bater\u00eda port\u00e1til colores"},"content":{"rendered":"<p>Excelente juego de bater\u00eda port\u00e1til de primera calidad, ideal para dar los primeros pasos en el mundo de la m\u00fasica sin necesidad de realizar una gran inversi\u00f3n. <\/p>\n","protected":false},"excerpt":{"rendered":"<p>Excelente juego de bater\u00eda port\u00e1til de primera calidad, ideal para dar los primeros pasos en el mundo de la m\u00fasica sin necesidad de realizar una gran inversi\u00f3n.<\/p>\n","protected":false},"featured_media":7648,"comment_status":"open","ping_status":"closed","template":"","meta":{"om_disable_all_campaigns":false,"_uag_custom_page_level_css":"","_monsterinsights_skip_tracking":false,"_monsterinsights_sitenote_active":false,"_monsterinsights_sitenote_note":"","_monsterinsights_sitenote_category":0},"product_cat":[369,15],"product_tag":[370],"class_list":{"0":"post-7691","1":"product","2":"type-product","3":"status-publish","4":"has-post-thumbnail","6":"product_cat-regalos-de-navidad","7":"product_cat-uncategorized","8":"product_tag-regalos-de-navidad","10":"first","11":"instock","12":"shipping-taxable","13":"product-type-simple"},"aioseo_notices":[],"jetpack_sharing_enabled":true,"uagb_featured_image_src":{"full":["https:\/\/quasarhomecenter.com\/wp-content\/uploads\/2025\/12\/bateria-mod-862.png",2500,2500,false],"thumbnail":["https:\/\/quasarhomecenter.com\/wp-content\/uploads\/2025\/12\/bateria-mod-862-150x150.png",150,150,true],"medium":["https:\/\/quasarhomecenter.com\/wp-content\/uploads\/2025\/12\/bateria-mod-862-300x300.png",300,300,true],"medium_large":["https:\/\/quasarhomecenter.com\/wp-content\/uploads\/2025\/12\/bateria-mod-862-768x768.png",768,768,true],"large":["https:\/\/quasarhomecenter.com\/wp-content\/uploads\/2025\/12\/bateria-mod-862-1024x1024.png",1024,1024,true],"1536x1536":["https:\/\/quasarhomecenter.com\/wp-content\/uploads\/2025\/12\/bateria-mod-862-1536x1536.png",1536,1536,true],"2048x2048":["https:\/\/quasarhomecenter.com\/wp-content\/uploads\/2025\/12\/bateria-mod-862-2048x2048.png",2048,2048,true],"mailpoet_newsletter_max":["https:\/\/quasarhomecenter.com\/wp-content\/uploads\/2025\/12\/bateria-mod-862-1320x1320.png",1320,1320,true],"woocommerce_thumbnail":["https:\/\/quasarhomecenter.com\/wp-content\/uploads\/2025\/12\/bateria-mod-862-300x300.png",300,300,true],"woocommerce_single":["https:\/\/quasarhomecenter.com\/wp-content\/uploads\/2025\/12\/bateria-mod-862-600x600.png",600,600,true],"woocommerce_gallery_thumbnail":["https:\/\/quasarhomecenter.com\/wp-content\/uploads\/2025\/12\/bateria-mod-862-100x100.png",100,100,true]},"uagb_author_info":{"display_name":"quasarhomecenter.com","author_link":"https:\/\/quasarhomecenter.com\/index.php\/author\/"},"uagb_comment_info":0,"uagb_excerpt":"Excelente juego de bater\u00eda port\u00e1til de primera calidad, ideal para dar los primeros pasos en el mundo de la m\u00fasica sin necesidad de realizar una gran inversi\u00f3n.","_links":{"self":[{"href":"https:\/\/quasarhomecenter.com\/index.php\/wp-json\/wp\/v2\/product\/7691","targetHints":{"allow":["GET"]}}],"collection":[{"href":"https:\/\/quasarhomecenter.com\/index.php\/wp-json\/wp\/v2\/product"}],"about":[{"href":"https:\/\/quasarhomecenter.com\/index.php\/wp-json\/wp\/v2\/types\/product"}],"replies":[{"embeddable":true,"href":"https:\/\/quasarhomecenter.com\/index.php\/wp-json\/wp\/v2\/comments?post=7691"}],"wp:featuredmedia":[{"embeddable":true,"href":"https:\/\/quasarhomecenter.com\/index.php\/wp-json\/wp\/v2\/media\/7648"}],"wp:attachment":[{"href":"https:\/\/quasarhomecenter.com\/index.php\/wp-json\/wp\/v2\/media?parent=7691"}],"wp:term":[{"taxonomy":"product_cat","embeddable":true,"href":"https:\/\/quasarhomecenter.com\/index.php\/wp-json\/wp\/v2\/product_cat?post=7691"},{"taxonomy":"product_tag","embeddable":true,"href":"https:\/\/quasarhomecenter.com\/index.php\/wp-json\/wp\/v2\/product_tag?post=7691"}],"curies":[{"name":"wp","href":"https:\/\/api.w.org\/{rel}","templated":true}]}}